{"id":5586,"date":"2026-04-13T09:37:57","date_gmt":"2026-04-13T09:37:57","guid":{"rendered":"https:\/\/atrapapelos.shop\/?post_type=product&#038;p=5586"},"modified":"2026-04-13T09:37:57","modified_gmt":"2026-04-13T09:37:57","slug":"1-botella-rey-eneo-crianza-seleccion-d-o-rioja","status":"publish","type":"product","link":"https:\/\/atrapapelos.shop\/index.php\/producto\/1-botella-rey-eneo-crianza-seleccion-d-o-rioja\/","title":{"rendered":"1 BOTELLA REY ENEO CRIANZA SELECCION D.O. RIOJA"},"content":{"rendered":"<p><strong>Rey Eneo Tinto Crianza <\/strong>\u00a0es un vino cl\u00e1sico de<strong>\u00a0Rioja\u00a0<\/strong>elaborado en su totalidad con uva Tempranillo procedente de cuidados vi\u00f1edos situados en suelos pobres, de bajo rendimiento. Este tinto deslumbra con sus<strong>\u00a0sutiles sabores y aromas procedentes de la crianza<\/strong>, combinados con notas de frutos rojos y negros.<\/p>\n<ul>\n<li>Origen y categor\u00eda: Crianza D.O. Rioja, elaborado conforme a la normativa de la denominaci\u00f3n (envejecimiento m\u00ednimo regulado: 2 a\u00f1os en total, con al menos 1 a\u00f1o en barrica de roble).<\/li>\n<li>Perfil organol\u00e9ptico (caracter\u00edstico de los crianza riojanos): color rub\u00ed, presencia de fruta roja madura combinada con notas aportadas por la madera (vainilla, especias suaves) y taninos redondeados que facilitan el maridaje.<\/li>\n<li>Aplicaciones y maridaje: excelente para men\u00fas de carnes a la parrilla, guisos, platos con salsas intensas y tablas de quesos curados.<\/li>\n<\/ul>\n","protected":false},"excerpt":{"rendered":"<p>Vino cl\u00e1sico Crianza de Rioja, 100% tempranillo<\/p>\n","protected":false},"featured_media":0,"comment_status":"open","ping_status":"closed","template":"","meta":[],"product_brand":[],"product_cat":[15],"product_tag":[],"class_list":{"0":"post-5586","1":"product","2":"type-product","3":"status-publish","5":"product_cat-sin-categorizar","7":"first","8":"instock","9":"shipping-taxable","10":"purchasable","11":"product-type-simple"},"_links":{"self":[{"href":"https:\/\/atrapapelos.shop\/index.php\/wp-json\/wp\/v2\/product\/5586","targetHints":{"allow":["GET"]}}],"collection":[{"href":"https:\/\/atrapapelos.shop\/index.php\/wp-json\/wp\/v2\/product"}],"about":[{"href":"https:\/\/atrapapelos.shop\/index.php\/wp-json\/wp\/v2\/types\/product"}],"replies":[{"embeddable":true,"href":"https:\/\/atrapapelos.shop\/index.php\/wp-json\/wp\/v2\/comments?post=5586"}],"wp:attachment":[{"href":"https:\/\/atrapapelos.shop\/index.php\/wp-json\/wp\/v2\/media?parent=5586"}],"wp:term":[{"taxonomy":"product_brand","embeddable":true,"href":"https:\/\/atrapapelos.shop\/index.php\/wp-json\/wp\/v2\/product_brand?post=5586"},{"taxonomy":"product_cat","embeddable":true,"href":"https:\/\/atrapapelos.shop\/index.php\/wp-json\/wp\/v2\/product_cat?post=5586"},{"taxonomy":"product_tag","embeddable":true,"href":"https:\/\/atrapapelos.shop\/index.php\/wp-json\/wp\/v2\/product_tag?post=5586"}],"curies":[{"name":"wp","href":"https:\/\/api.w.org\/{rel}","templated":true}]}}