{"id":5535,"date":"2026-04-06T16:41:11","date_gmt":"2026-04-06T16:41:11","guid":{"rendered":"https:\/\/atrapapelos.shop\/?post_type=product&#038;p=5535"},"modified":"2026-04-06T16:43:13","modified_gmt":"2026-04-06T16:43:13","slug":"esparragos-4-6-muy-gruesos-4-6-frutos-frasco-d-origen-navarra","status":"publish","type":"product","link":"https:\/\/atrapapelos.shop\/index.php\/producto\/esparragos-4-6-muy-gruesos-4-6-frutos-frasco-d-origen-navarra\/","title":{"rendered":"ESP\u00c1RRAGOS 4\/6 MUY GRUESOS. 4\/6 FRUTOS. FRASCO. D.ORIGEN NAVARRA"},"content":{"rendered":"<p>Esp\u00e1rragos Denominaci\u00f3n de Origen Navarra, Extra Gruesos, ya que solo se envasan de 4 a 6 esp\u00e1rragos en un frasco de 540 gramos de peso neto, y 325 gramos de peso escurrido. Producto cultivado en Navarra. Lista de ingredientes: esp\u00e1rragos, agua y sal.<\/p>\n","protected":false},"excerpt":{"rendered":"<p>Esp\u00e1rragos Denominaci\u00f3n de Origen Navarra, Extra Gruesos, ya que solo se envasan de 4 a 6 esp\u00e1rragos en un frasco de 540 gramos de peso neto, y 325 gramos de peso escurrido. Producto cultivado en Navarra. Lista de ingredientes: esp\u00e1rragos, agua y sal.<\/p>\n","protected":false},"featured_media":5555,"comment_status":"open","ping_status":"closed","template":"","meta":[],"product_brand":[],"product_cat":[114],"product_tag":[],"class_list":{"0":"post-5535","1":"product","2":"type-product","3":"status-publish","4":"has-post-thumbnail","6":"product_cat-esparragos-y-yemas-denominacion-origen-navarra","8":"first","9":"instock","10":"shipping-taxable","11":"purchasable","12":"product-type-simple"},"_links":{"self":[{"href":"https:\/\/atrapapelos.shop\/index.php\/wp-json\/wp\/v2\/product\/5535","targetHints":{"allow":["GET"]}}],"collection":[{"href":"https:\/\/atrapapelos.shop\/index.php\/wp-json\/wp\/v2\/product"}],"about":[{"href":"https:\/\/atrapapelos.shop\/index.php\/wp-json\/wp\/v2\/types\/product"}],"replies":[{"embeddable":true,"href":"https:\/\/atrapapelos.shop\/index.php\/wp-json\/wp\/v2\/comments?post=5535"}],"wp:featuredmedia":[{"embeddable":true,"href":"https:\/\/atrapapelos.shop\/index.php\/wp-json\/wp\/v2\/media\/5555"}],"wp:attachment":[{"href":"https:\/\/atrapapelos.shop\/index.php\/wp-json\/wp\/v2\/media?parent=5535"}],"wp:term":[{"taxonomy":"product_brand","embeddable":true,"href":"https:\/\/atrapapelos.shop\/index.php\/wp-json\/wp\/v2\/product_brand?post=5535"},{"taxonomy":"product_cat","embeddable":true,"href":"https:\/\/atrapapelos.shop\/index.php\/wp-json\/wp\/v2\/product_cat?post=5535"},{"taxonomy":"product_tag","embeddable":true,"href":"https:\/\/atrapapelos.shop\/index.php\/wp-json\/wp\/v2\/product_tag?post=5535"}],"curies":[{"name":"wp","href":"https:\/\/api.w.org\/{rel}","templated":true}]}}