{"id":5533,"date":"2026-04-06T16:41:09","date_gmt":"2026-04-06T16:41:09","guid":{"rendered":"https:\/\/atrapapelos.shop\/?post_type=product&#038;p=5533"},"modified":"2026-04-06T16:42:56","modified_gmt":"2026-04-06T16:42:56","slug":"1-botella-sonsierra-vinun-ad-amicus-crianza-2020-d-o-c-rioja-subzona-rioja-alta","status":"publish","type":"product","link":"https:\/\/atrapapelos.shop\/index.php\/producto\/1-botella-sonsierra-vinun-ad-amicus-crianza-2020-d-o-c-rioja-subzona-rioja-alta\/","title":{"rendered":"1 BOTELLA SONSIERRA VINUN AD AMICUS CRIANZA 2020. D.O.C. RIOJA. SUBZONA RIOJA ALTA"},"content":{"rendered":"<header>\n<h1><span style=\"font-size: 24px;\">VI\u00d1EDOS<\/span><\/h1>\n<\/header>\n<div class=\"c c-2-5 c-first\">\n<p>Vendimiados a mano y situados en las faldas de la Sierra de Cantabria\u00a0 el el coraz\u00f3n de La Rioja Alta.<\/p>\n<h3>VARIEDADES<\/h3>\n<p>100% Tempranillo<\/p>\n<h3>ELABORACI\u00d3N<\/h3>\n<p>Maceraci\u00f3n prefermentativa durante 24 horas. Fermentaci\u00f3n alcoh\u00f3lica con remontados peri\u00f3dicos en dep\u00f3sitos de acero inoxidable durante 8\u00a0d\u00edas a temperatura controlada de\u00a024\u00ba C para preservar al m\u00e1ximo los aromas afrutados. Maceraci\u00f3n postfermentativa durante 24-48 horas. Fermentaci\u00f3n malol\u00e1ctica en dep\u00f3sitos de hormig\u00f3n. Presentaci\u00f3n en botellas de 0,75 lts.\u00a0<strong>Contiene sulfitos.<\/strong><\/p>\n<h3>ENVEJECIMIENTO<\/h3>\n<p>12 meses en barrica bordelesa de roble americano completada con un m\u00ednimo de 3 meses de crianza en botella como m\u00ednimo.<\/p>\n<h3>NOTAS DE CATA<\/h3>\n<p>De color rojo rub\u00ed con ribetes vivos y de capa media. \u00a0En nariz ofrece una distinguida conjunci\u00f3n entre el cacao, la vainilla y el caf\u00e9\u00a0propios de su crianza en barrica con las notas de frutas negras y regaliz. En boca resulta redondo y bien equilibrado con agradables recuerdos a fruta y\u00a0vainilla que nos invita a seguir bebi\u00e9ndolo.<\/p>\n<\/div>\n","protected":false},"excerpt":{"rendered":"<p>VI\u00d1EDOS Vendimiados a mano y situados en las faldas de la Sierra de Cantabria\u00a0 el el coraz\u00f3n de La Rioja Alta. VARIEDADES 100% Tempranillo ELABORACI\u00d3N Maceraci\u00f3n prefermentativa durante 24 horas. [&hellip;]<\/p>\n","protected":false},"featured_media":5553,"comment_status":"open","ping_status":"closed","template":"","meta":[],"product_brand":[],"product_cat":[235],"product_tag":[81,91],"class_list":{"0":"post-5533","1":"product","2":"type-product","3":"status-publish","4":"has-post-thumbnail","6":"product_cat-vinos-vinun-ad-amicus-denominacion-origen-rioja-subzona-rioja-alta","7":"product_tag-rioja","8":"product_tag-tinto","10":"first","11":"instock","12":"shipping-taxable","13":"purchasable","14":"product-type-simple"},"_links":{"self":[{"href":"https:\/\/atrapapelos.shop\/index.php\/wp-json\/wp\/v2\/product\/5533","targetHints":{"allow":["GET"]}}],"collection":[{"href":"https:\/\/atrapapelos.shop\/index.php\/wp-json\/wp\/v2\/product"}],"about":[{"href":"https:\/\/atrapapelos.shop\/index.php\/wp-json\/wp\/v2\/types\/product"}],"replies":[{"embeddable":true,"href":"https:\/\/atrapapelos.shop\/index.php\/wp-json\/wp\/v2\/comments?post=5533"}],"wp:featuredmedia":[{"embeddable":true,"href":"https:\/\/atrapapelos.shop\/index.php\/wp-json\/wp\/v2\/media\/5553"}],"wp:attachment":[{"href":"https:\/\/atrapapelos.shop\/index.php\/wp-json\/wp\/v2\/media?parent=5533"}],"wp:term":[{"taxonomy":"product_brand","embeddable":true,"href":"https:\/\/atrapapelos.shop\/index.php\/wp-json\/wp\/v2\/product_brand?post=5533"},{"taxonomy":"product_cat","embeddable":true,"href":"https:\/\/atrapapelos.shop\/index.php\/wp-json\/wp\/v2\/product_cat?post=5533"},{"taxonomy":"product_tag","embeddable":true,"href":"https:\/\/atrapapelos.shop\/index.php\/wp-json\/wp\/v2\/product_tag?post=5533"}],"curies":[{"name":"wp","href":"https:\/\/api.w.org\/{rel}","templated":true}]}}