{"id":5528,"date":"2026-04-06T16:41:06","date_gmt":"2026-04-06T16:41:06","guid":{"rendered":"https:\/\/atrapapelos.shop\/?post_type=product&#038;p=5528"},"modified":"2026-04-06T16:42:12","modified_gmt":"2026-04-06T16:42:12","slug":"caja-12-botellas-tinto-joven-vinun-ad-amicus-d-o-c-rioja-subzona-rioja-alta","status":"publish","type":"product","link":"https:\/\/atrapapelos.shop\/index.php\/producto\/caja-12-botellas-tinto-joven-vinun-ad-amicus-d-o-c-rioja-subzona-rioja-alta\/","title":{"rendered":"CAJA 12 BOTELLAS TINTO JOVEN VINUN AD AMICUS. D.O.C. RIOJA. SUBZONA RIOJA ALTA"},"content":{"rendered":"<h3>VI\u00d1EDOS<\/h3>\n<p>Vendimiados a mano y situados en la comarca de la Sonsierra, en pleno coraz\u00f3n de la Rioja Alta.<\/p>\n<h3>VARIEDADES<\/h3>\n<p>100% Tempranillo<\/p>\n<h3>ELABORACI\u00d3N<\/h3>\n<p>Maceraci\u00f3n prefermentativa durante 24 horas. Fermentaci\u00f3n alcoh\u00f3lica con ligeros remontados en dep\u00f3sitos de acero inoxidable durante 6 d\u00edas a una temperatura m\u00e1xima de \u00a024 \u00ba C para preservar y extraer al m\u00e1ximo los aromas afrutados. Fermentaci\u00f3n malol\u00e1ctica en dep\u00f3sitos de hormig\u00f3n. Presentado en botellas de 0,75 lts.<strong> Contiene sulfitos<\/strong>.<\/p>\n<h3>NOTAS DE CATA<\/h3>\n<p>Vino arom\u00e1tico y goloso de color rojo cereza brillante con ribetes viol\u00e1ceos. En nariz destacan sus intensos aromas de frutas rojas tipo mora y grosellas conjugados a la perfecci\u00f3n con el regaliz negro y los toques l\u00e1cteos. Su paso por boca es agradable y largo, dejando intensos recuerdos de fruta roja y regaliz.<\/p>\n","protected":false},"excerpt":{"rendered":"<p>VI\u00d1EDOS Vendimiados a mano y situados en la comarca de la Sonsierra, en pleno coraz\u00f3n de la Rioja Alta. VARIEDADES 100% Tempranillo ELABORACI\u00d3N Maceraci\u00f3n prefermentativa durante 24 horas. Fermentaci\u00f3n alcoh\u00f3lica [&hellip;]<\/p>\n","protected":false},"featured_media":5548,"comment_status":"open","ping_status":"closed","template":"","meta":[],"product_brand":[],"product_cat":[235],"product_tag":[],"class_list":{"0":"post-5528","1":"product","2":"type-product","3":"status-publish","4":"has-post-thumbnail","6":"product_cat-vinos-vinun-ad-amicus-denominacion-origen-rioja-subzona-rioja-alta","8":"first","9":"instock","10":"sale","11":"shipping-taxable","12":"purchasable","13":"product-type-simple"},"_links":{"self":[{"href":"https:\/\/atrapapelos.shop\/index.php\/wp-json\/wp\/v2\/product\/5528","targetHints":{"allow":["GET"]}}],"collection":[{"href":"https:\/\/atrapapelos.shop\/index.php\/wp-json\/wp\/v2\/product"}],"about":[{"href":"https:\/\/atrapapelos.shop\/index.php\/wp-json\/wp\/v2\/types\/product"}],"replies":[{"embeddable":true,"href":"https:\/\/atrapapelos.shop\/index.php\/wp-json\/wp\/v2\/comments?post=5528"}],"wp:featuredmedia":[{"embeddable":true,"href":"https:\/\/atrapapelos.shop\/index.php\/wp-json\/wp\/v2\/media\/5548"}],"wp:attachment":[{"href":"https:\/\/atrapapelos.shop\/index.php\/wp-json\/wp\/v2\/media?parent=5528"}],"wp:term":[{"taxonomy":"product_brand","embeddable":true,"href":"https:\/\/atrapapelos.shop\/index.php\/wp-json\/wp\/v2\/product_brand?post=5528"},{"taxonomy":"product_cat","embeddable":true,"href":"https:\/\/atrapapelos.shop\/index.php\/wp-json\/wp\/v2\/product_cat?post=5528"},{"taxonomy":"product_tag","embeddable":true,"href":"https:\/\/atrapapelos.shop\/index.php\/wp-json\/wp\/v2\/product_tag?post=5528"}],"curies":[{"name":"wp","href":"https:\/\/api.w.org\/{rel}","templated":true}]}}