{"id":5527,"date":"2026-04-06T16:41:05","date_gmt":"2026-04-06T16:41:05","guid":{"rendered":"https:\/\/atrapapelos.shop\/?post_type=product&#038;p=5527"},"modified":"2026-04-06T16:42:03","modified_gmt":"2026-04-06T16:42:03","slug":"1-botella-vinun-ad-amicus-tinto-joven-d-o-c-rioja-subzona-rioja-alta","status":"publish","type":"product","link":"https:\/\/atrapapelos.shop\/index.php\/producto\/1-botella-vinun-ad-amicus-tinto-joven-d-o-c-rioja-subzona-rioja-alta\/","title":{"rendered":"1 BOTELLA VINUN AD AMICUS TINTO JOVEN. D.O.C. RIOJA .  SUBZONA RIOJA ALTA"},"content":{"rendered":"<p><strong>VI\u00d1EDOS<\/strong><br \/>\nVendimiados a mano y situados en la comarca de la Sonsierra, en pleno coraz\u00f3n de la Rioja Alta.<\/p>\n<p><strong>VARIEDADES<\/strong><br \/>\n100% Tempranillo<\/p>\n<p><strong>ELABORACI\u00d3N<\/strong><br \/>\nMaceraci\u00f3n prefermentativa durante 24 horas. Fermentaci\u00f3n alcoh\u00f3lica con ligeros remontados en dep\u00f3sitos de acero inoxidable durante 6 d\u00edas a una temperatura m\u00e1xima de 24 \u00ba C para preservar y extraer al m\u00e1ximo los aromas afrutados. Fermentaci\u00f3n malol\u00e1ctica en dep\u00f3sitos de hormig\u00f3n. Presentado en botellas de 0,75 lts.\u00a0<strong>Contiene sulfitos.<\/strong><\/p>\n<p><strong>NOTAS DE CATA<\/strong><br \/>\nVino arom\u00e1tico y goloso de color rojo cereza brillante con ribetes viol\u00e1ceos. En nariz destacan sus intensos aromas de frutas rojas tipo mora y grosellas conjugados a la perfecci\u00f3n con el regaliz negro y los toques l\u00e1cteos. Su paso por boca es agradable y largo, dejando intensos recuerdos de fruta roja y regaliz&#8230;<\/p>\n","protected":false},"excerpt":{"rendered":"<p>VI\u00d1EDOS Vendimiados a mano y situados en la comarca de la Sonsierra, en pleno coraz\u00f3n de la Rioja Alta. VARIEDADES 100% Tempranillo ELABORACI\u00d3N Maceraci\u00f3n prefermentativa durante 24 horas. Fermentaci\u00f3n alcoh\u00f3lica [&hellip;]<\/p>\n","protected":false},"featured_media":5547,"comment_status":"open","ping_status":"closed","template":"","meta":[],"product_brand":[],"product_cat":[235],"product_tag":[],"class_list":{"0":"post-5527","1":"product","2":"type-product","3":"status-publish","4":"has-post-thumbnail","6":"product_cat-vinos-vinun-ad-amicus-denominacion-origen-rioja-subzona-rioja-alta","8":"first","9":"instock","10":"shipping-taxable","11":"purchasable","12":"product-type-simple"},"_links":{"self":[{"href":"https:\/\/atrapapelos.shop\/index.php\/wp-json\/wp\/v2\/product\/5527","targetHints":{"allow":["GET"]}}],"collection":[{"href":"https:\/\/atrapapelos.shop\/index.php\/wp-json\/wp\/v2\/product"}],"about":[{"href":"https:\/\/atrapapelos.shop\/index.php\/wp-json\/wp\/v2\/types\/product"}],"replies":[{"embeddable":true,"href":"https:\/\/atrapapelos.shop\/index.php\/wp-json\/wp\/v2\/comments?post=5527"}],"wp:featuredmedia":[{"embeddable":true,"href":"https:\/\/atrapapelos.shop\/index.php\/wp-json\/wp\/v2\/media\/5547"}],"wp:attachment":[{"href":"https:\/\/atrapapelos.shop\/index.php\/wp-json\/wp\/v2\/media?parent=5527"}],"wp:term":[{"taxonomy":"product_brand","embeddable":true,"href":"https:\/\/atrapapelos.shop\/index.php\/wp-json\/wp\/v2\/product_brand?post=5527"},{"taxonomy":"product_cat","embeddable":true,"href":"https:\/\/atrapapelos.shop\/index.php\/wp-json\/wp\/v2\/product_cat?post=5527"},{"taxonomy":"product_tag","embeddable":true,"href":"https:\/\/atrapapelos.shop\/index.php\/wp-json\/wp\/v2\/product_tag?post=5527"}],"curies":[{"name":"wp","href":"https:\/\/api.w.org\/{rel}","templated":true}]}}