{"id":5518,"date":"2026-04-06T16:40:42","date_gmt":"2026-04-06T16:40:42","guid":{"rendered":"https:\/\/atrapapelos.shop\/?post_type=product&#038;p=5518"},"modified":"2026-04-06T16:41:54","modified_gmt":"2026-04-06T16:41:54","slug":"3-bag-15-litros-tinto-3-11100-e-3700-e-bag-15-litros-puesto-en-su-domicilio-24-72-h","status":"publish","type":"product","link":"https:\/\/atrapapelos.shop\/index.php\/producto\/3-bag-15-litros-tinto-3-11100-e-3700-e-bag-15-litros-puesto-en-su-domicilio-24-72-h\/","title":{"rendered":"3 BAG 15 LITROS TINTO-3 111,00 \u20ac (37,00 \u20ac\/BAG 15 LITROS) PUESTO EN SU DOMICILIO 24\/72 H."},"content":{"rendered":"<p><strong>Vino tinto-3 ahora en su domicilio, con entrega rapida y rebaja de precio, por 37,00\u20ac\/bag 15 litros puesto en su domicilio.<\/strong><\/p>\n<p>Nuestro \u00abTap\u00f3n Azul\u00bb de toda la vida, vino que se envasaba en garrafones sellados con una c\u00e1psula azul, y denominado popularmente desde hace muchos a\u00f1os como el vino del tap\u00f3n azul.<br \/>\nExcelente vino tempranillo criado, con su t\u00edpico bouquet que tanto gusta tras a\u00f1os y a\u00f1os de ventas.<\/p>\n<p><strong>Contiene sulfitos.<\/strong><\/p>\n","protected":false},"excerpt":{"rendered":"<p>Vino tinto-3 ahora en su domicilio, con entrega rapida y rebaja de precio, por 37,00\u20ac\/bag 15 litros puesto en su domicilio. Nuestro \u00abTap\u00f3n Azul\u00bb de toda la vida, vino que [&hellip;]<\/p>\n","protected":false},"featured_media":5421,"comment_status":"open","ping_status":"closed","template":"","meta":[],"product_brand":[],"product_cat":[234],"product_tag":[],"class_list":{"0":"post-5518","1":"product","2":"type-product","3":"status-publish","4":"has-post-thumbnail","6":"product_cat-ofertas-continuas-todo-el-ano","8":"first","9":"instock","10":"sale","11":"shipping-taxable","12":"purchasable","13":"product-type-simple"},"_links":{"self":[{"href":"https:\/\/atrapapelos.shop\/index.php\/wp-json\/wp\/v2\/product\/5518","targetHints":{"allow":["GET"]}}],"collection":[{"href":"https:\/\/atrapapelos.shop\/index.php\/wp-json\/wp\/v2\/product"}],"about":[{"href":"https:\/\/atrapapelos.shop\/index.php\/wp-json\/wp\/v2\/types\/product"}],"replies":[{"embeddable":true,"href":"https:\/\/atrapapelos.shop\/index.php\/wp-json\/wp\/v2\/comments?post=5518"}],"wp:featuredmedia":[{"embeddable":true,"href":"https:\/\/atrapapelos.shop\/index.php\/wp-json\/wp\/v2\/media\/5421"}],"wp:attachment":[{"href":"https:\/\/atrapapelos.shop\/index.php\/wp-json\/wp\/v2\/media?parent=5518"}],"wp:term":[{"taxonomy":"product_brand","embeddable":true,"href":"https:\/\/atrapapelos.shop\/index.php\/wp-json\/wp\/v2\/product_brand?post=5518"},{"taxonomy":"product_cat","embeddable":true,"href":"https:\/\/atrapapelos.shop\/index.php\/wp-json\/wp\/v2\/product_cat?post=5518"},{"taxonomy":"product_tag","embeddable":true,"href":"https:\/\/atrapapelos.shop\/index.php\/wp-json\/wp\/v2\/product_tag?post=5518"}],"curies":[{"name":"wp","href":"https:\/\/api.w.org\/{rel}","templated":true}]}}