{"id":5516,"date":"2026-04-06T16:40:41","date_gmt":"2026-04-06T16:40:41","guid":{"rendered":"https:\/\/atrapapelos.shop\/?post_type=product&#038;p=5516"},"modified":"2026-04-06T16:41:54","modified_gmt":"2026-04-06T16:41:54","slug":"3-bag-in-box-15-litros-tinto-5-13050-e-4350-e-bag-portes-incluidos","status":"publish","type":"product","link":"https:\/\/atrapapelos.shop\/index.php\/producto\/3-bag-in-box-15-litros-tinto-5-13050-e-4350-e-bag-portes-incluidos\/","title":{"rendered":"3 BAG IN BOX 15 LITROS TINTO-5. 130,50 \u20ac. (43,50 \u20ac\/BAG). PORTES INCLUIDOS"},"content":{"rendered":"<p><strong><em>NUESTRO VINO MAS CLASICO, CON MAYOR ENVEJECIMIENTO Y MAS CUERPO. AHORA POR 43,50 \u20ac\/BAG DE 15 LITROS PUESTO EN TU HOGAR.<\/em><\/strong><\/p>\n<p>Vino tempranillo criado con cuerpo y excelente bouquet, habitualmente llamado por nuestros clientes \u201cEl del tap\u00f3n amarillo\u201d por ser de ese color la c\u00e1psula con la que cerr\u00e1bamos los garr\u00e1fones en tiempos pasados. Nuestro vino m\u00e1s mimado en bag in box. <strong>Contiene sulfitos.<\/strong><\/p>\n","protected":false},"excerpt":{"rendered":"<p>NUESTRO VINO MAS CLASICO, CON MAYOR ENVEJECIMIENTO Y MAS CUERPO. AHORA POR 43,50 \u20ac\/BAG DE 15 LITROS PUESTO EN TU HOGAR. Vino tempranillo criado con cuerpo y excelente bouquet, habitualmente [&hellip;]<\/p>\n","protected":false},"featured_media":5386,"comment_status":"open","ping_status":"closed","template":"","meta":[],"product_brand":[],"product_cat":[234],"product_tag":[],"class_list":{"0":"post-5516","1":"product","2":"type-product","3":"status-publish","4":"has-post-thumbnail","6":"product_cat-ofertas-continuas-todo-el-ano","8":"first","9":"instock","10":"sale","11":"virtual","12":"purchasable","13":"product-type-simple"},"_links":{"self":[{"href":"https:\/\/atrapapelos.shop\/index.php\/wp-json\/wp\/v2\/product\/5516","targetHints":{"allow":["GET"]}}],"collection":[{"href":"https:\/\/atrapapelos.shop\/index.php\/wp-json\/wp\/v2\/product"}],"about":[{"href":"https:\/\/atrapapelos.shop\/index.php\/wp-json\/wp\/v2\/types\/product"}],"replies":[{"embeddable":true,"href":"https:\/\/atrapapelos.shop\/index.php\/wp-json\/wp\/v2\/comments?post=5516"}],"wp:featuredmedia":[{"embeddable":true,"href":"https:\/\/atrapapelos.shop\/index.php\/wp-json\/wp\/v2\/media\/5386"}],"wp:attachment":[{"href":"https:\/\/atrapapelos.shop\/index.php\/wp-json\/wp\/v2\/media?parent=5516"}],"wp:term":[{"taxonomy":"product_brand","embeddable":true,"href":"https:\/\/atrapapelos.shop\/index.php\/wp-json\/wp\/v2\/product_brand?post=5516"},{"taxonomy":"product_cat","embeddable":true,"href":"https:\/\/atrapapelos.shop\/index.php\/wp-json\/wp\/v2\/product_cat?post=5516"},{"taxonomy":"product_tag","embeddable":true,"href":"https:\/\/atrapapelos.shop\/index.php\/wp-json\/wp\/v2\/product_tag?post=5516"}],"curies":[{"name":"wp","href":"https:\/\/api.w.org\/{rel}","templated":true}]}}