{"id":5515,"date":"2026-04-06T16:40:40","date_gmt":"2026-04-06T16:40:40","guid":{"rendered":"https:\/\/atrapapelos.shop\/?post_type=product&#038;p=5515"},"modified":"2026-04-06T16:41:53","modified_gmt":"2026-04-06T16:41:53","slug":"3-bag-in-box-15-litros-tinto-2-10500-e-3500-e-bag-in-box-portes-incluidos","status":"publish","type":"product","link":"https:\/\/atrapapelos.shop\/index.php\/producto\/3-bag-in-box-15-litros-tinto-2-10500-e-3500-e-bag-in-box-portes-incluidos\/","title":{"rendered":"3 BAG IN BOX 15 LITROS TINTO-2. 105,00 \u20ac. (35,00 \u20ac\/BAG IN BOX) PORTES INCLUIDOS"},"content":{"rendered":"<p><em><strong>NUESTRO VINO TINTO-2 ES UN VINO JOVEN ENVEJECIDO .ES DECIR HABLAMOS DE UN VINO SOMETIDO A UN PERIODO DE ENVEJECIMIENTO CORTO. CON EL QUE CONSEGUIMOS SUAVIZARLO GRACIAS AL PROCESO DE MICROOXIGENACION SOMETIDO EN EL LAPSO DE TIEMPO EN BARRICA<\/strong><\/em>.<\/p>\n<p>&nbsp;<\/p>\n<p>El vino tinto 2 sigue siendo un\u00a0<strong>vino joven<\/strong>, con todo lo bueno que ello implica. Por ejemplo, tiene potencia y un gran aroma y sabor a frutos rojos, como la grosella o la frambuesa. En el caso del tinto 2, conserva, adem\u00e1s, el intenso color granate con notas viol\u00e1ceas que extrae de la uva tempranillo con el que se elabora.<\/p>\n<p>Adem\u00e1s, en esa corta\u00a0<strong>crianza<\/strong>\u00a0se eliminan los excesos del joven, que puede llegar a ser excesivamente t\u00e1nico y brioso. El vino est\u00e1 estabilizado, es m\u00e1s equilibrado. <strong>Contiene sulfitos<\/strong>.<\/p>\n","protected":false},"excerpt":{"rendered":"<p>NUESTRO VINO TINTO-2 ES UN VINO JOVEN ENVEJECIDO .ES DECIR HABLAMOS DE UN VINO SOMETIDO A UN PERIODO DE ENVEJECIMIENTO CORTO. CON EL QUE CONSEGUIMOS SUAVIZARLO GRACIAS AL PROCESO DE [&hellip;]<\/p>\n","protected":false},"featured_media":5389,"comment_status":"open","ping_status":"closed","template":"","meta":[],"product_brand":[],"product_cat":[234],"product_tag":[],"class_list":{"0":"post-5515","1":"product","2":"type-product","3":"status-publish","4":"has-post-thumbnail","6":"product_cat-ofertas-continuas-todo-el-ano","8":"first","9":"instock","10":"sale","11":"virtual","12":"purchasable","13":"product-type-simple"},"_links":{"self":[{"href":"https:\/\/atrapapelos.shop\/index.php\/wp-json\/wp\/v2\/product\/5515","targetHints":{"allow":["GET"]}}],"collection":[{"href":"https:\/\/atrapapelos.shop\/index.php\/wp-json\/wp\/v2\/product"}],"about":[{"href":"https:\/\/atrapapelos.shop\/index.php\/wp-json\/wp\/v2\/types\/product"}],"replies":[{"embeddable":true,"href":"https:\/\/atrapapelos.shop\/index.php\/wp-json\/wp\/v2\/comments?post=5515"}],"wp:featuredmedia":[{"embeddable":true,"href":"https:\/\/atrapapelos.shop\/index.php\/wp-json\/wp\/v2\/media\/5389"}],"wp:attachment":[{"href":"https:\/\/atrapapelos.shop\/index.php\/wp-json\/wp\/v2\/media?parent=5515"}],"wp:term":[{"taxonomy":"product_brand","embeddable":true,"href":"https:\/\/atrapapelos.shop\/index.php\/wp-json\/wp\/v2\/product_brand?post=5515"},{"taxonomy":"product_cat","embeddable":true,"href":"https:\/\/atrapapelos.shop\/index.php\/wp-json\/wp\/v2\/product_cat?post=5515"},{"taxonomy":"product_tag","embeddable":true,"href":"https:\/\/atrapapelos.shop\/index.php\/wp-json\/wp\/v2\/product_tag?post=5515"}],"curies":[{"name":"wp","href":"https:\/\/api.w.org\/{rel}","templated":true}]}}