{"id":5501,"date":"2026-04-06T16:39:37","date_gmt":"2026-04-06T16:39:37","guid":{"rendered":"https:\/\/atrapapelos.shop\/?post_type=product&#038;p=5501"},"modified":"2026-04-06T16:41:49","modified_gmt":"2026-04-06T16:41:49","slug":"caja-12-botellas-mentoste-crianza-2020-88-e-portes-gratuitos","status":"publish","type":"product","link":"https:\/\/atrapapelos.shop\/index.php\/producto\/caja-12-botellas-mentoste-crianza-2020-88-e-portes-gratuitos\/","title":{"rendered":"CAJA 12 BOTELLAS MENTOSTE CRIANZA 2020. 88 \u20ac. PORTES GRATUITOS."},"content":{"rendered":"<p><strong><em>UN VINO CLASICO DE LA RIOJA ALTA POR 5,60\u20ac\/BOTELLA PUESTO EN TU HOGAR<\/em>.<\/strong><\/p>\n<p>En nuestro establecimiento disponemos de un estupendo vino Crianza de Rioja, especialmente seleccionado para clientes exigentes, con ganas de beber buen vino criado.<\/p>\n<p><strong>Tempranillo 80%, garnacha 15%, viura 5%<\/strong><\/p>\n<p>Elaborado mediante fermentaci\u00f3n de uva entera con posteriores remontados. Pas\u00f3 despues a dep\u00f3sitos de hormig\u00f3n, barrica de roble americano y reposo en botella.<\/p>\n<p>Color teja ligeramente evolucionado. En nariz se presenta con gran potencia, recuerda al tostado de la madera. En boca muy sabroso y bien ensamblado.<\/p>\n<p>Este vino es sabroso acompa\u00f1ado de carnes suaves y salsas ligeras.<\/p>\n<p>Es fiel exponente del concepto m\u00e1s tradicional del vino de Rioja.Un vino fino de Rioja con crianza larga en roble americano. Un cl\u00e1sico a muy buen precio.<\/p>\n<p>Presentado en botellas de 0,75 litros.<\/p>\n<p><strong>Contiene sulfitos<\/strong>.<\/p>\n","protected":false},"excerpt":{"rendered":"<p>UN VINO CLASICO DE LA RIOJA ALTA POR 5,60\u20ac\/BOTELLA PUESTO EN TU HOGAR. En nuestro establecimiento disponemos de un estupendo vino Crianza de Rioja, especialmente seleccionado para clientes exigentes, con [&hellip;]<\/p>\n","protected":false},"featured_media":5435,"comment_status":"open","ping_status":"closed","template":"","meta":[],"product_brand":[],"product_cat":[234],"product_tag":[],"class_list":{"0":"post-5501","1":"product","2":"type-product","3":"status-publish","4":"has-post-thumbnail","6":"product_cat-ofertas-continuas-todo-el-ano","8":"first","9":"instock","10":"sale","11":"virtual","12":"purchasable","13":"product-type-simple"},"_links":{"self":[{"href":"https:\/\/atrapapelos.shop\/index.php\/wp-json\/wp\/v2\/product\/5501","targetHints":{"allow":["GET"]}}],"collection":[{"href":"https:\/\/atrapapelos.shop\/index.php\/wp-json\/wp\/v2\/product"}],"about":[{"href":"https:\/\/atrapapelos.shop\/index.php\/wp-json\/wp\/v2\/types\/product"}],"replies":[{"embeddable":true,"href":"https:\/\/atrapapelos.shop\/index.php\/wp-json\/wp\/v2\/comments?post=5501"}],"wp:featuredmedia":[{"embeddable":true,"href":"https:\/\/atrapapelos.shop\/index.php\/wp-json\/wp\/v2\/media\/5435"}],"wp:attachment":[{"href":"https:\/\/atrapapelos.shop\/index.php\/wp-json\/wp\/v2\/media?parent=5501"}],"wp:term":[{"taxonomy":"product_brand","embeddable":true,"href":"https:\/\/atrapapelos.shop\/index.php\/wp-json\/wp\/v2\/product_brand?post=5501"},{"taxonomy":"product_cat","embeddable":true,"href":"https:\/\/atrapapelos.shop\/index.php\/wp-json\/wp\/v2\/product_cat?post=5501"},{"taxonomy":"product_tag","embeddable":true,"href":"https:\/\/atrapapelos.shop\/index.php\/wp-json\/wp\/v2\/product_tag?post=5501"}],"curies":[{"name":"wp","href":"https:\/\/api.w.org\/{rel}","templated":true}]}}