{"id":5499,"date":"2026-04-06T16:39:36","date_gmt":"2026-04-06T16:39:36","guid":{"rendered":"https:\/\/atrapapelos.shop\/?post_type=product&#038;p=5499"},"modified":"2026-04-06T16:41:49","modified_gmt":"2026-04-06T16:41:49","slug":"moscatel-la-villarena-1-l","status":"publish","type":"product","link":"https:\/\/atrapapelos.shop\/index.php\/producto\/moscatel-la-villarena-1-l\/","title":{"rendered":"Moscatel La Villare\u00f1a. 1 l."},"content":{"rendered":"<p>Bebida a base de mosto de uva Alejandr\u00eda que antes de su fermentaci\u00f3n es remontado con alcohol procedente de destilaci\u00f3n de vino hasta alcanzar los 15% Vol.<br \/>\nNota de cata: Aspecto muy elegante, con un color amarillo dorado, de reflejos muy vivos.Perfectamente limpio y muy brillante. Con la fluidez caracter\u00edstica de los vinos dulces.En nariz ofrece una intensidad arom\u00e1tica muy alta. Complejo, aunque principalmente frutal y floral. En boca es todo suavidad, sensaci\u00f3n aterciopelada, pero muy fina, concierto frescor y sin ning\u00fan empalago, debido a la perfecta armon\u00eda conseguida entre contenido en \u00e1cidos, alcohol y az\u00facares.<br \/>\nTemperatura de servicio: 10\u00ba-15\u00ba C<\/p>\n","protected":false},"excerpt":{"rendered":"<p>Bebida a base de mosto de uva Alejandr\u00eda que antes de su fermentaci\u00f3n es remontado con alcohol procedente de destilaci\u00f3n de vino hasta alcanzar los 15% Vol. Nota de cata: [&hellip;]<\/p>\n","protected":false},"featured_media":5544,"comment_status":"open","ping_status":"closed","template":"","meta":[],"product_brand":[],"product_cat":[98],"product_tag":[],"class_list":{"0":"post-5499","1":"product","2":"type-product","3":"status-publish","4":"has-post-thumbnail","6":"product_cat-blancos-dulces-y-moscateles","8":"first","9":"instock","10":"shipping-taxable","11":"purchasable","12":"product-type-simple"},"_links":{"self":[{"href":"https:\/\/atrapapelos.shop\/index.php\/wp-json\/wp\/v2\/product\/5499","targetHints":{"allow":["GET"]}}],"collection":[{"href":"https:\/\/atrapapelos.shop\/index.php\/wp-json\/wp\/v2\/product"}],"about":[{"href":"https:\/\/atrapapelos.shop\/index.php\/wp-json\/wp\/v2\/types\/product"}],"replies":[{"embeddable":true,"href":"https:\/\/atrapapelos.shop\/index.php\/wp-json\/wp\/v2\/comments?post=5499"}],"wp:featuredmedia":[{"embeddable":true,"href":"https:\/\/atrapapelos.shop\/index.php\/wp-json\/wp\/v2\/media\/5544"}],"wp:attachment":[{"href":"https:\/\/atrapapelos.shop\/index.php\/wp-json\/wp\/v2\/media?parent=5499"}],"wp:term":[{"taxonomy":"product_brand","embeddable":true,"href":"https:\/\/atrapapelos.shop\/index.php\/wp-json\/wp\/v2\/product_brand?post=5499"},{"taxonomy":"product_cat","embeddable":true,"href":"https:\/\/atrapapelos.shop\/index.php\/wp-json\/wp\/v2\/product_cat?post=5499"},{"taxonomy":"product_tag","embeddable":true,"href":"https:\/\/atrapapelos.shop\/index.php\/wp-json\/wp\/v2\/product_tag?post=5499"}],"curies":[{"name":"wp","href":"https:\/\/api.w.org\/{rel}","templated":true}]}}