{"id":5498,"date":"2026-04-06T16:39:36","date_gmt":"2026-04-06T16:39:36","guid":{"rendered":"https:\/\/atrapapelos.shop\/?post_type=product&#038;p=5498"},"modified":"2026-04-06T16:41:45","modified_gmt":"2026-04-06T16:41:45","slug":"vermouth-rojo-la-villarena-75-cl","status":"publish","type":"product","link":"https:\/\/atrapapelos.shop\/index.php\/producto\/vermouth-rojo-la-villarena-75-cl\/","title":{"rendered":"Vermouth Rojo La Villare\u00f1a. 75 Cl."},"content":{"rendered":"<p>Vino macerado en hierbas y especias arom\u00e1ticas.<br \/>\nNota de cata: De color marr\u00f3n brillante e intenso. En nariz resulta extraordinariamente<br \/>\narom\u00e1tico, record\u00e1ndonos los macerados de hierbas con los que ha sido elaborado,<br \/>\ncomo la genciana, manzanilla, tomillo, ruibarbo, vainilla y otras. En boca presenta un<br \/>\nperfecto equilibrio entre el grado alcoh\u00f3lico, az\u00facar, amargor y acidez dejando un retrogusto largo y persistente que invita a la ingesta. Extraordinaria bebida ideal como aperitivo.<br \/>\nTemperatura de servicio: 10\u00ba-13\u00ba C<\/p>\n","protected":false},"excerpt":{"rendered":"<p>Vino macerado en hierbas y especias arom\u00e1ticas. Nota de cata: De color marr\u00f3n brillante e intenso. En nariz resulta extraordinariamente arom\u00e1tico, record\u00e1ndonos los macerados de hierbas con los que ha [&hellip;]<\/p>\n","protected":false},"featured_media":5543,"comment_status":"open","ping_status":"closed","template":"","meta":[],"product_brand":[],"product_cat":[208],"product_tag":[],"class_list":{"0":"post-5498","1":"product","2":"type-product","3":"status-publish","4":"has-post-thumbnail","6":"product_cat-vermouths-riojanos","8":"first","9":"instock","10":"shipping-taxable","11":"purchasable","12":"product-type-simple"},"_links":{"self":[{"href":"https:\/\/atrapapelos.shop\/index.php\/wp-json\/wp\/v2\/product\/5498","targetHints":{"allow":["GET"]}}],"collection":[{"href":"https:\/\/atrapapelos.shop\/index.php\/wp-json\/wp\/v2\/product"}],"about":[{"href":"https:\/\/atrapapelos.shop\/index.php\/wp-json\/wp\/v2\/types\/product"}],"replies":[{"embeddable":true,"href":"https:\/\/atrapapelos.shop\/index.php\/wp-json\/wp\/v2\/comments?post=5498"}],"wp:featuredmedia":[{"embeddable":true,"href":"https:\/\/atrapapelos.shop\/index.php\/wp-json\/wp\/v2\/media\/5543"}],"wp:attachment":[{"href":"https:\/\/atrapapelos.shop\/index.php\/wp-json\/wp\/v2\/media?parent=5498"}],"wp:term":[{"taxonomy":"product_brand","embeddable":true,"href":"https:\/\/atrapapelos.shop\/index.php\/wp-json\/wp\/v2\/product_brand?post=5498"},{"taxonomy":"product_cat","embeddable":true,"href":"https:\/\/atrapapelos.shop\/index.php\/wp-json\/wp\/v2\/product_cat?post=5498"},{"taxonomy":"product_tag","embeddable":true,"href":"https:\/\/atrapapelos.shop\/index.php\/wp-json\/wp\/v2\/product_tag?post=5498"}],"curies":[{"name":"wp","href":"https:\/\/api.w.org\/{rel}","templated":true}]}}