{"id":5489,"date":"2026-04-06T16:39:13","date_gmt":"2026-04-06T16:39:13","guid":{"rendered":"https:\/\/atrapapelos.shop\/?post_type=product&#038;p=5489"},"modified":"2026-04-06T16:41:22","modified_gmt":"2026-04-06T16:41:22","slug":"vermouth-riojano-lacuesta-reserva-070-lts-roble-frances","status":"publish","type":"product","link":"https:\/\/atrapapelos.shop\/index.php\/producto\/vermouth-riojano-lacuesta-reserva-070-lts-roble-frances\/","title":{"rendered":"Vermouth Riojano Lacuesta Reserva 0,70 lts. Roble Franc\u00e9s"},"content":{"rendered":"<div class=\"product-desc\">\n<p>ELABORACI\u00d3N<\/p>\n<p>Al tradicional y artesano sistema de elaboraci\u00f3n de nuestro vermouth, usando plantas y hierbas arom\u00e1ticas naturales para macerar en fr\u00edo el vino blanco base, se ha a\u00f1adido un breve periodo de crianza y envejecimiento de 7 meses en barricas nuevas de roble franc\u00e9s de Allier con un tostado medio.<\/p>\n<\/div>\n<div class=\"product-desc\">\n<p>NOTAS DE CATA<\/p>\n<p>El resultado es este vermouth amargo, arom\u00e1tico, de intenso color, con fondos torrefactados y con ese peculiar sabor que nos recuerda al vermouth tradicional. Ideal como aperitivo, se recomienda servirlo fr\u00edo y acompa\u00f1ado de una rodaja de naranja y una oliva.<\/p>\n<\/div>\n","protected":false},"excerpt":{"rendered":"<p>ELABORACI\u00d3N Al tradicional y artesano sistema de elaboraci\u00f3n de nuestro vermouth, usando plantas y hierbas arom\u00e1ticas naturales para macerar en fr\u00edo el vino blanco base, se ha a\u00f1adido un breve [&hellip;]<\/p>\n","protected":false},"featured_media":5538,"comment_status":"open","ping_status":"closed","template":"","meta":[],"product_brand":[],"product_cat":[208],"product_tag":[],"class_list":{"0":"post-5489","1":"product","2":"type-product","3":"status-publish","4":"has-post-thumbnail","6":"product_cat-vermouths-riojanos","8":"first","9":"instock","10":"shipping-taxable","11":"purchasable","12":"product-type-simple"},"_links":{"self":[{"href":"https:\/\/atrapapelos.shop\/index.php\/wp-json\/wp\/v2\/product\/5489","targetHints":{"allow":["GET"]}}],"collection":[{"href":"https:\/\/atrapapelos.shop\/index.php\/wp-json\/wp\/v2\/product"}],"about":[{"href":"https:\/\/atrapapelos.shop\/index.php\/wp-json\/wp\/v2\/types\/product"}],"replies":[{"embeddable":true,"href":"https:\/\/atrapapelos.shop\/index.php\/wp-json\/wp\/v2\/comments?post=5489"}],"wp:featuredmedia":[{"embeddable":true,"href":"https:\/\/atrapapelos.shop\/index.php\/wp-json\/wp\/v2\/media\/5538"}],"wp:attachment":[{"href":"https:\/\/atrapapelos.shop\/index.php\/wp-json\/wp\/v2\/media?parent=5489"}],"wp:term":[{"taxonomy":"product_brand","embeddable":true,"href":"https:\/\/atrapapelos.shop\/index.php\/wp-json\/wp\/v2\/product_brand?post=5489"},{"taxonomy":"product_cat","embeddable":true,"href":"https:\/\/atrapapelos.shop\/index.php\/wp-json\/wp\/v2\/product_cat?post=5489"},{"taxonomy":"product_tag","embeddable":true,"href":"https:\/\/atrapapelos.shop\/index.php\/wp-json\/wp\/v2\/product_tag?post=5489"}],"curies":[{"name":"wp","href":"https:\/\/api.w.org\/{rel}","templated":true}]}}