{"id":5473,"date":"2026-04-06T16:38:42","date_gmt":"2026-04-06T16:38:42","guid":{"rendered":"https:\/\/atrapapelos.shop\/?post_type=product&#038;p=5473"},"modified":"2026-04-06T16:40:57","modified_gmt":"2026-04-06T16:40:57","slug":"melocoton-en-almibar-frasco-de-700-grms","status":"publish","type":"product","link":"https:\/\/atrapapelos.shop\/index.php\/producto\/melocoton-en-almibar-frasco-de-700-grms\/","title":{"rendered":"Melocot\u00f3n en Alm\u00edbar. Frasco de 700 grms."},"content":{"rendered":"<p>Melocotones en alm\u00edbar EXTRA, presentados en mitades sin hueso. Frasco de 700 gramos de peso neto y 400 gramos de peso escurrido. Melocotones seleccionados y recolectados en su \u00f3ptimo estado de maduraci\u00f3n, de las fincas de los proveedores de Alfaro (La Rioja). Su sabor es el tradicional del melocot\u00f3n dulce. Ingredientes: melocot\u00f3n, az\u00facar y agua.<\/p>\n","protected":false},"excerpt":{"rendered":"<p>Melocotones en alm\u00edbar EXTRA, presentados en mitades sin hueso. Frasco de 700 gramos de peso neto y 400 gramos de peso escurrido. Melocotones seleccionados y recolectados en su \u00f3ptimo estado [&hellip;]<\/p>\n","protected":false},"featured_media":5523,"comment_status":"open","ping_status":"closed","template":"","meta":[],"product_brand":[],"product_cat":[179],"product_tag":[],"class_list":{"0":"post-5473","1":"product","2":"type-product","3":"status-publish","4":"has-post-thumbnail","6":"product_cat-miel-alta-montana-membrillo-melocoton-dulces-y-mermeladas-artesanas","8":"first","9":"instock","10":"shipping-taxable","11":"purchasable","12":"product-type-simple"},"_links":{"self":[{"href":"https:\/\/atrapapelos.shop\/index.php\/wp-json\/wp\/v2\/product\/5473","targetHints":{"allow":["GET"]}}],"collection":[{"href":"https:\/\/atrapapelos.shop\/index.php\/wp-json\/wp\/v2\/product"}],"about":[{"href":"https:\/\/atrapapelos.shop\/index.php\/wp-json\/wp\/v2\/types\/product"}],"replies":[{"embeddable":true,"href":"https:\/\/atrapapelos.shop\/index.php\/wp-json\/wp\/v2\/comments?post=5473"}],"wp:featuredmedia":[{"embeddable":true,"href":"https:\/\/atrapapelos.shop\/index.php\/wp-json\/wp\/v2\/media\/5523"}],"wp:attachment":[{"href":"https:\/\/atrapapelos.shop\/index.php\/wp-json\/wp\/v2\/media?parent=5473"}],"wp:term":[{"taxonomy":"product_brand","embeddable":true,"href":"https:\/\/atrapapelos.shop\/index.php\/wp-json\/wp\/v2\/product_brand?post=5473"},{"taxonomy":"product_cat","embeddable":true,"href":"https:\/\/atrapapelos.shop\/index.php\/wp-json\/wp\/v2\/product_cat?post=5473"},{"taxonomy":"product_tag","embeddable":true,"href":"https:\/\/atrapapelos.shop\/index.php\/wp-json\/wp\/v2\/product_tag?post=5473"}],"curies":[{"name":"wp","href":"https:\/\/api.w.org\/{rel}","templated":true}]}}