{"id":5462,"date":"2026-04-06T16:38:17","date_gmt":"2026-04-06T16:38:17","guid":{"rendered":"https:\/\/atrapapelos.shop\/?post_type=product&#038;p=5462"},"modified":"2026-04-06T16:40:39","modified_gmt":"2026-04-06T16:40:39","slug":"miel-de-alta-montana-ezcaray-uyarra-1-kg","status":"publish","type":"product","link":"https:\/\/atrapapelos.shop\/index.php\/producto\/miel-de-alta-montana-ezcaray-uyarra-1-kg\/","title":{"rendered":"Miel de alta monta\u00f1a. Ezcaray. Uyarra. 1 kg."},"content":{"rendered":"<p>Cosecha propia envasada por Valvanera Uyarra, apicultora de Ezcaray. La Rioja<\/p>\n<p>La cristalizaci\u00f3n es un proceso natural, si desea la miel l\u00edquida p\u00f3ngala al ba\u00f1o mar\u00eda.<\/p>\n<p>Producto natural.<\/p>\n<p>Peso Neto: 1 kg.<\/p>\n","protected":false},"excerpt":{"rendered":"<p>Artesana<\/p>\n","protected":false},"featured_media":5514,"comment_status":"open","ping_status":"closed","template":"","meta":[],"product_brand":[],"product_cat":[179],"product_tag":[81],"class_list":{"0":"post-5462","1":"product","2":"type-product","3":"status-publish","4":"has-post-thumbnail","6":"product_cat-miel-alta-montana-membrillo-melocoton-dulces-y-mermeladas-artesanas","7":"product_tag-rioja","9":"first","10":"instock","11":"shipping-taxable","12":"purchasable","13":"product-type-simple"},"_links":{"self":[{"href":"https:\/\/atrapapelos.shop\/index.php\/wp-json\/wp\/v2\/product\/5462","targetHints":{"allow":["GET"]}}],"collection":[{"href":"https:\/\/atrapapelos.shop\/index.php\/wp-json\/wp\/v2\/product"}],"about":[{"href":"https:\/\/atrapapelos.shop\/index.php\/wp-json\/wp\/v2\/types\/product"}],"replies":[{"embeddable":true,"href":"https:\/\/atrapapelos.shop\/index.php\/wp-json\/wp\/v2\/comments?post=5462"}],"wp:featuredmedia":[{"embeddable":true,"href":"https:\/\/atrapapelos.shop\/index.php\/wp-json\/wp\/v2\/media\/5514"}],"wp:attachment":[{"href":"https:\/\/atrapapelos.shop\/index.php\/wp-json\/wp\/v2\/media?parent=5462"}],"wp:term":[{"taxonomy":"product_brand","embeddable":true,"href":"https:\/\/atrapapelos.shop\/index.php\/wp-json\/wp\/v2\/product_brand?post=5462"},{"taxonomy":"product_cat","embeddable":true,"href":"https:\/\/atrapapelos.shop\/index.php\/wp-json\/wp\/v2\/product_cat?post=5462"},{"taxonomy":"product_tag","embeddable":true,"href":"https:\/\/atrapapelos.shop\/index.php\/wp-json\/wp\/v2\/product_tag?post=5462"}],"curies":[{"name":"wp","href":"https:\/\/api.w.org\/{rel}","templated":true}]}}