{"id":5461,"date":"2026-04-06T16:38:17","date_gmt":"2026-04-06T16:38:17","guid":{"rendered":"https:\/\/atrapapelos.shop\/?post_type=product&#038;p=5461"},"modified":"2026-04-06T16:40:36","modified_gmt":"2026-04-06T16:40:36","slug":"carne-de-membrillo-artesana-400-g","status":"publish","type":"product","link":"https:\/\/atrapapelos.shop\/index.php\/producto\/carne-de-membrillo-artesana-400-g\/","title":{"rendered":"Carne de Membrillo Artesana. 400 g"},"content":{"rendered":"<p>Ingredientes: Membrillo (58%), Az\u00facar, Gelificante (Pectina), Acidulante (Ac. C\u00edtrico) y Conservador (Benzoato S\u00f3dico)<\/p>\n<p>Sin colesterol y sin gluten<\/p>\n<p>Peso neto: 400 g<\/p>\n<hr \/>\n<p><strong>Informaci\u00f3n Nutricional<\/strong>\u00a0por 100 g.<\/p>\n<p>Valor energ\u00e9tico&#8230;&#8230;&#8230;&#8230;&#8230;&#8230;&#8230;&#8230;11148 kJ \/ 270 kcal<\/p>\n<p>Grasas&#8230;&#8230;&#8230;&#8230;&#8230;&#8230;&#8230;&#8230;&#8230;&#8230;&#8230;&#8230;&#8230;&#8230;&#8230;&#8230;&#8230;&#8230;&#8230; &lt; 0,5 g<\/p>\n<p>de las cuales Saturadas&#8230;&#8230;&#8230;&#8230;&#8230;&#8230;&#8230;&#8230;&#8230;&#8230;&#8230;&#8230; 0 g<\/p>\n<p>Hidratos de Carbono&#8230;&#8230;&#8230;&#8230;&#8230;&#8230;&#8230;&#8230;&#8230;&#8230;&#8230;&#8230;&#8230; 67 g<\/p>\n<p>de los cuales Az\u00facares&#8230;&#8230;&#8230;&#8230;&#8230;&#8230;&#8230;&#8230;&#8230;&#8230;&#8230;.. 62 g<\/p>\n<p>Prote\u00ednas&#8230;&#8230;&#8230;&#8230;&#8230;&#8230;&#8230;&#8230;&#8230;&#8230;&#8230;&#8230;&#8230;&#8230;&#8230;&#8230;&#8230;.. &lt; 0,5 g<\/p>\n<p>Sal&#8230;&#8230;&#8230;&#8230;&#8230;&#8230;&#8230;&#8230;&#8230;&#8230;&#8230;&#8230;&#8230;&#8230;&#8230;&#8230;&#8230;&#8230;&#8230;&#8230;&#8230;. 0,02 g<\/p>\n","protected":false},"excerpt":{"rendered":"<p>Ingredientes: Membrillo (58%), Az\u00facar, Gelificante (Pectina), Acidulante (Ac. C\u00edtrico) y Conservador (Benzoato S\u00f3dico) Sin colesterol y sin gluten Peso neto: 400 g Informaci\u00f3n Nutricional\u00a0por 100 g. Valor energ\u00e9tico&#8230;&#8230;&#8230;&#8230;&#8230;&#8230;&#8230;&#8230;11148 kJ \/ [&hellip;]<\/p>\n","protected":false},"featured_media":5513,"comment_status":"open","ping_status":"closed","template":"","meta":[],"product_brand":[],"product_cat":[179],"product_tag":[],"class_list":{"0":"post-5461","1":"product","2":"type-product","3":"status-publish","4":"has-post-thumbnail","6":"product_cat-miel-alta-montana-membrillo-melocoton-dulces-y-mermeladas-artesanas","8":"first","9":"instock","10":"shipping-taxable","11":"purchasable","12":"product-type-simple"},"_links":{"self":[{"href":"https:\/\/atrapapelos.shop\/index.php\/wp-json\/wp\/v2\/product\/5461","targetHints":{"allow":["GET"]}}],"collection":[{"href":"https:\/\/atrapapelos.shop\/index.php\/wp-json\/wp\/v2\/product"}],"about":[{"href":"https:\/\/atrapapelos.shop\/index.php\/wp-json\/wp\/v2\/types\/product"}],"replies":[{"embeddable":true,"href":"https:\/\/atrapapelos.shop\/index.php\/wp-json\/wp\/v2\/comments?post=5461"}],"wp:featuredmedia":[{"embeddable":true,"href":"https:\/\/atrapapelos.shop\/index.php\/wp-json\/wp\/v2\/media\/5513"}],"wp:attachment":[{"href":"https:\/\/atrapapelos.shop\/index.php\/wp-json\/wp\/v2\/media?parent=5461"}],"wp:term":[{"taxonomy":"product_brand","embeddable":true,"href":"https:\/\/atrapapelos.shop\/index.php\/wp-json\/wp\/v2\/product_brand?post=5461"},{"taxonomy":"product_cat","embeddable":true,"href":"https:\/\/atrapapelos.shop\/index.php\/wp-json\/wp\/v2\/product_cat?post=5461"},{"taxonomy":"product_tag","embeddable":true,"href":"https:\/\/atrapapelos.shop\/index.php\/wp-json\/wp\/v2\/product_tag?post=5461"}],"curies":[{"name":"wp","href":"https:\/\/api.w.org\/{rel}","templated":true}]}}