{"id":5449,"date":"2026-04-06T16:37:52","date_gmt":"2026-04-06T16:37:52","guid":{"rendered":"https:\/\/atrapapelos.shop\/?post_type=product&#038;p=5449"},"modified":"2026-04-06T16:39:35","modified_gmt":"2026-04-06T16:39:35","slug":"vermouth-rojo-martinez-lacuesta","status":"publish","type":"product","link":"https:\/\/atrapapelos.shop\/index.php\/producto\/vermouth-rojo-martinez-lacuesta\/","title":{"rendered":"Vermouth rojo Mart\u00ednez Lacuesta"},"content":{"rendered":"<div class=\"product-desc\">\n<p>El vermut Mart\u00ednez Lacuesta, se elabora artesanalmente desde 1937<\/p>\n<p>Es considerado como uno de los mejores aperitivos.<\/p>\n<p>La Conzia o extracto (hierbas y plantas arom\u00e1ticas maceradas en fr\u00edo en vino blanco) envejece en barricas de roble americano, y se adiciona al vino blanco base, junto al az\u00facar, \u00e1cido c\u00edtrico, caramelo y alcohol.<\/p>\n<\/div>\n<div class=\"product-desc\">\n<p>Dulce, amargo y arom\u00e1tico. Un placer para los sentidos.<\/p>\n<\/div>\n","protected":false},"excerpt":{"rendered":"<p>Dulce, amargo y arom\u00e1tico. Un placer para los sentidos.<\/p>\n","protected":false},"featured_media":5496,"comment_status":"open","ping_status":"closed","template":"","meta":[],"product_brand":[],"product_cat":[208],"product_tag":[],"class_list":{"0":"post-5449","1":"product","2":"type-product","3":"status-publish","4":"has-post-thumbnail","6":"product_cat-vermouths-riojanos","8":"first","9":"instock","10":"shipping-taxable","11":"purchasable","12":"product-type-simple"},"_links":{"self":[{"href":"https:\/\/atrapapelos.shop\/index.php\/wp-json\/wp\/v2\/product\/5449","targetHints":{"allow":["GET"]}}],"collection":[{"href":"https:\/\/atrapapelos.shop\/index.php\/wp-json\/wp\/v2\/product"}],"about":[{"href":"https:\/\/atrapapelos.shop\/index.php\/wp-json\/wp\/v2\/types\/product"}],"replies":[{"embeddable":true,"href":"https:\/\/atrapapelos.shop\/index.php\/wp-json\/wp\/v2\/comments?post=5449"}],"wp:featuredmedia":[{"embeddable":true,"href":"https:\/\/atrapapelos.shop\/index.php\/wp-json\/wp\/v2\/media\/5496"}],"wp:attachment":[{"href":"https:\/\/atrapapelos.shop\/index.php\/wp-json\/wp\/v2\/media?parent=5449"}],"wp:term":[{"taxonomy":"product_brand","embeddable":true,"href":"https:\/\/atrapapelos.shop\/index.php\/wp-json\/wp\/v2\/product_brand?post=5449"},{"taxonomy":"product_cat","embeddable":true,"href":"https:\/\/atrapapelos.shop\/index.php\/wp-json\/wp\/v2\/product_cat?post=5449"},{"taxonomy":"product_tag","embeddable":true,"href":"https:\/\/atrapapelos.shop\/index.php\/wp-json\/wp\/v2\/product_tag?post=5449"}],"curies":[{"name":"wp","href":"https:\/\/api.w.org\/{rel}","templated":true}]}}