{"id":5418,"date":"2026-04-06T16:24:37","date_gmt":"2026-04-06T16:24:37","guid":{"rendered":"https:\/\/atrapapelos.shop\/?post_type=product&#038;p=5418"},"modified":"2026-04-06T16:38:40","modified_gmt":"2026-04-06T16:38:40","slug":"cabezada-de-lomo-curada-pieza-de-500-600-g-aprox","status":"publish","type":"product","link":"https:\/\/atrapapelos.shop\/index.php\/producto\/cabezada-de-lomo-curada-pieza-de-500-600-g-aprox\/","title":{"rendered":"Cabezada de Lomo Curada. Pieza de 500-600 g aprox."},"content":{"rendered":"<hr \/>\n<p><strong>Ingredientes:<\/strong>\u00a0Cabezada de cerdo, piment\u00f3n de la vera extra agridulce y sal.<\/p>\n<p><strong>Elaboraci\u00f3n:<\/strong>\u00a0Salaz\u00f3n artesanal, adobado manual con un macerado lento en c\u00e1mara y embutido en tripa col\u00e1geno.<\/p>\n<p><strong>Presentaci\u00f3n:<\/strong>\u00a0Pieza de 300 g aprox. en forma de vela y envasado al vac\u00edo.<\/p>\n<p><strong>Conservaci\u00f3n:<\/strong>\u00a0Envasado al vac\u00edo 1 a\u00f1o en un lugar fresco y seco, recomendable fr\u00edo. Abrir unas horas antes de consumir para una buena aireaci\u00f3n.<\/p>\n","protected":false},"excerpt":{"rendered":"<p>Adobado manual con un macerado lento<\/p>\n","protected":false},"featured_media":5471,"comment_status":"open","ping_status":"closed","template":"","meta":[],"product_brand":[],"product_cat":[129],"product_tag":[81],"class_list":{"0":"post-5418","1":"product","2":"type-product","3":"status-publish","4":"has-post-thumbnail","6":"product_cat-embutidos-aceites-y-quesos","7":"product_tag-rioja","9":"first","10":"instock","11":"shipping-taxable","12":"purchasable","13":"product-type-simple"},"_links":{"self":[{"href":"https:\/\/atrapapelos.shop\/index.php\/wp-json\/wp\/v2\/product\/5418","targetHints":{"allow":["GET"]}}],"collection":[{"href":"https:\/\/atrapapelos.shop\/index.php\/wp-json\/wp\/v2\/product"}],"about":[{"href":"https:\/\/atrapapelos.shop\/index.php\/wp-json\/wp\/v2\/types\/product"}],"replies":[{"embeddable":true,"href":"https:\/\/atrapapelos.shop\/index.php\/wp-json\/wp\/v2\/comments?post=5418"}],"wp:featuredmedia":[{"embeddable":true,"href":"https:\/\/atrapapelos.shop\/index.php\/wp-json\/wp\/v2\/media\/5471"}],"wp:attachment":[{"href":"https:\/\/atrapapelos.shop\/index.php\/wp-json\/wp\/v2\/media?parent=5418"}],"wp:term":[{"taxonomy":"product_brand","embeddable":true,"href":"https:\/\/atrapapelos.shop\/index.php\/wp-json\/wp\/v2\/product_brand?post=5418"},{"taxonomy":"product_cat","embeddable":true,"href":"https:\/\/atrapapelos.shop\/index.php\/wp-json\/wp\/v2\/product_cat?post=5418"},{"taxonomy":"product_tag","embeddable":true,"href":"https:\/\/atrapapelos.shop\/index.php\/wp-json\/wp\/v2\/product_tag?post=5418"}],"curies":[{"name":"wp","href":"https:\/\/api.w.org\/{rel}","templated":true}]}}