{"id":5414,"date":"2026-04-06T16:22:53","date_gmt":"2026-04-06T16:22:53","guid":{"rendered":"https:\/\/atrapapelos.shop\/?post_type=product&#038;p=5414"},"modified":"2026-04-06T16:38:25","modified_gmt":"2026-04-06T16:38:25","slug":"yemas-de-esparragos-blancos-extra-205-g","status":"publish","type":"product","link":"https:\/\/atrapapelos.shop\/index.php\/producto\/yemas-de-esparragos-blancos-extra-205-g\/","title":{"rendered":"Yemas de esp\u00e1rragos blancos extra (205 g)"},"content":{"rendered":"<p>Lata cil\u00edndrica con Yemas de Esp\u00e1rragos Blancos de Navarra.<\/p>\n<p>Conservas Asensio 1\/3. 6-14 productos.<\/p>\n<p>Extra Gruesos, natural, artesano.<\/p>\n","protected":false},"excerpt":{"rendered":"<p>Yemas de Esp\u00e1rragos Blancos D.O.P. Navarra<\/p>\n","protected":false},"featured_media":5469,"comment_status":"open","ping_status":"closed","template":"","meta":[],"product_brand":[],"product_cat":[113,114],"product_tag":[],"class_list":{"0":"post-5414","1":"product","2":"type-product","3":"status-publish","4":"has-post-thumbnail","6":"product_cat-conservas-vegetales-y-de-pescado","7":"product_cat-esparragos-y-yemas-denominacion-origen-navarra","9":"first","10":"instock","11":"shipping-taxable","12":"purchasable","13":"product-type-simple"},"_links":{"self":[{"href":"https:\/\/atrapapelos.shop\/index.php\/wp-json\/wp\/v2\/product\/5414","targetHints":{"allow":["GET"]}}],"collection":[{"href":"https:\/\/atrapapelos.shop\/index.php\/wp-json\/wp\/v2\/product"}],"about":[{"href":"https:\/\/atrapapelos.shop\/index.php\/wp-json\/wp\/v2\/types\/product"}],"replies":[{"embeddable":true,"href":"https:\/\/atrapapelos.shop\/index.php\/wp-json\/wp\/v2\/comments?post=5414"}],"wp:featuredmedia":[{"embeddable":true,"href":"https:\/\/atrapapelos.shop\/index.php\/wp-json\/wp\/v2\/media\/5469"}],"wp:attachment":[{"href":"https:\/\/atrapapelos.shop\/index.php\/wp-json\/wp\/v2\/media?parent=5414"}],"wp:term":[{"taxonomy":"product_brand","embeddable":true,"href":"https:\/\/atrapapelos.shop\/index.php\/wp-json\/wp\/v2\/product_brand?post=5414"},{"taxonomy":"product_cat","embeddable":true,"href":"https:\/\/atrapapelos.shop\/index.php\/wp-json\/wp\/v2\/product_cat?post=5414"},{"taxonomy":"product_tag","embeddable":true,"href":"https:\/\/atrapapelos.shop\/index.php\/wp-json\/wp\/v2\/product_tag?post=5414"}],"curies":[{"name":"wp","href":"https:\/\/api.w.org\/{rel}","templated":true}]}}