{"id":5384,"date":"2026-04-06T15:30:32","date_gmt":"2026-04-06T15:30:32","guid":{"rendered":"https:\/\/atrapapelos.shop\/?post_type=product&#038;p=5384"},"modified":"2026-04-06T16:37:09","modified_gmt":"2026-04-06T16:37:09","slug":"vino-tinto-mentoste-crianza-2020-1-botella-de-75-cls","status":"publish","type":"product","link":"https:\/\/atrapapelos.shop\/index.php\/producto\/vino-tinto-mentoste-crianza-2020-1-botella-de-75-cls\/","title":{"rendered":"Vino Tinto Mentoste Crianza 2020. 1 botella de 75 cls."},"content":{"rendered":"<p>En nuestro establecimiento disponemos de un estupendo vino Crianza de Rioja, especialmente seleccionado para clientes exigentes, con ganas de beber buen vino criado.<\/p>\n<p><strong>Tempranillo 80%, garnacha 15%, viura 5%<\/strong><\/p>\n<p><strong>Elaborado mediante fermentaci\u00f3n de uva entera con posteriores remontados. Pas\u00f3 despues a dep\u00f3sitos de hormig\u00f3n, barrica de roble americano y reposo en botella.. Contiene sulfitos.<\/strong><\/p>\n<p>Color teja ligeramente evolucionado. En nariz se presenta con gran potencia, recuerda al tostado de la madera. En boca muy sabroso y bien ensamblado.<\/p>\n<p>Este vino es sabroso acompa\u00f1ado de carnes suaves y salsas ligeras.<\/p>\n<p>Es fiel exponente del concepto m\u00e1s tradicional del vino de Rioja.Un vino fino de Rioja con crianza larga en roble americano. Un cl\u00e1sico a muy buen precio.<\/p>\n","protected":false},"excerpt":{"rendered":"<p>Variedad 80% Tempranillo, 15% Garnacha y 5% Viura<\/p>\n","protected":false},"featured_media":5435,"comment_status":"open","ping_status":"closed","template":"","meta":[],"product_brand":[],"product_cat":[72,93],"product_tag":[81,90,91],"class_list":{"0":"post-5384","1":"product","2":"type-product","3":"status-publish","4":"has-post-thumbnail","6":"product_cat-nuestros-vinos","7":"product_cat-vinos-mentoste-y-vendigorna-denominacion-de-origen-calificada-rioja","8":"product_tag-rioja","9":"product_tag-rosado","10":"product_tag-tinto","12":"first","13":"instock","14":"shipping-taxable","15":"purchasable","16":"product-type-simple"},"_links":{"self":[{"href":"https:\/\/atrapapelos.shop\/index.php\/wp-json\/wp\/v2\/product\/5384","targetHints":{"allow":["GET"]}}],"collection":[{"href":"https:\/\/atrapapelos.shop\/index.php\/wp-json\/wp\/v2\/product"}],"about":[{"href":"https:\/\/atrapapelos.shop\/index.php\/wp-json\/wp\/v2\/types\/product"}],"replies":[{"embeddable":true,"href":"https:\/\/atrapapelos.shop\/index.php\/wp-json\/wp\/v2\/comments?post=5384"}],"wp:featuredmedia":[{"embeddable":true,"href":"https:\/\/atrapapelos.shop\/index.php\/wp-json\/wp\/v2\/media\/5435"}],"wp:attachment":[{"href":"https:\/\/atrapapelos.shop\/index.php\/wp-json\/wp\/v2\/media?parent=5384"}],"wp:term":[{"taxonomy":"product_brand","embeddable":true,"href":"https:\/\/atrapapelos.shop\/index.php\/wp-json\/wp\/v2\/product_brand?post=5384"},{"taxonomy":"product_cat","embeddable":true,"href":"https:\/\/atrapapelos.shop\/index.php\/wp-json\/wp\/v2\/product_cat?post=5384"},{"taxonomy":"product_tag","embeddable":true,"href":"https:\/\/atrapapelos.shop\/index.php\/wp-json\/wp\/v2\/product_tag?post=5384"}],"curies":[{"name":"wp","href":"https:\/\/api.w.org\/{rel}","templated":true}]}}