{"id":5377,"date":"2026-04-06T15:28:52","date_gmt":"2026-04-06T15:28:52","guid":{"rendered":"https:\/\/atrapapelos.shop\/?post_type=product&#038;p=5377"},"modified":"2026-04-06T16:32:25","modified_gmt":"2026-04-06T16:32:25","slug":"vannarensis-clarete-1-botella-de-75-cls","status":"publish","type":"product","link":"https:\/\/atrapapelos.shop\/index.php\/producto\/vannarensis-clarete-1-botella-de-75-cls\/","title":{"rendered":"Vannarensis Clarete. 1 botella de 75 cls."},"content":{"rendered":"<p>Es un vino clarito como el que usted est\u00e1 buscando, m\u00e1s de 30 a\u00f1os comercializando este tipo de vinos nos avalan. Venga a conocernos y le presentaremos vinos realmente ricos. Ideales para tomarlo a una temperatura que ronde los seis-ocho grados para conservar su sabor.<\/p>\n<p>El clarete es un\u00a0<strong>tipo de vino joven<\/strong>\u00a0que se elabora con\u00a0<strong>uvas tintas y blancas,\u00a0<\/strong>dando como resultado un vino con poco color: rosa claro, asalmonado\u2026 con aromas predominantes de flores blancas, melocot\u00f3n, etc dado que tiene un alto porcentaje de uva blanca. En boca encontramos un punto de\u00a0<strong>acidez<\/strong>\u00a0y mayor amargor que en los vinos rosados, pero muy\u00a0<strong>frescos y f\u00e1ciles de beber.\u00a0<\/strong><strong>Contiene sulfitos.<\/strong><\/p>\n","protected":false},"excerpt":{"rendered":"<p>Vino joven<\/p>\n","protected":false},"featured_media":5427,"comment_status":"open","ping_status":"closed","template":"","meta":[],"product_brand":[],"product_cat":[72,73],"product_tag":[81,90,91],"class_list":{"0":"post-5377","1":"product","2":"type-product","3":"status-publish","4":"has-post-thumbnail","6":"product_cat-nuestros-vinos","7":"product_cat-vinos-vannarensis-nuestros-polancos-de-toda-la-vida","8":"product_tag-rioja","9":"product_tag-rosado","10":"product_tag-tinto","12":"first","13":"instock","14":"shipping-taxable","15":"purchasable","16":"product-type-simple"},"_links":{"self":[{"href":"https:\/\/atrapapelos.shop\/index.php\/wp-json\/wp\/v2\/product\/5377","targetHints":{"allow":["GET"]}}],"collection":[{"href":"https:\/\/atrapapelos.shop\/index.php\/wp-json\/wp\/v2\/product"}],"about":[{"href":"https:\/\/atrapapelos.shop\/index.php\/wp-json\/wp\/v2\/types\/product"}],"replies":[{"embeddable":true,"href":"https:\/\/atrapapelos.shop\/index.php\/wp-json\/wp\/v2\/comments?post=5377"}],"wp:featuredmedia":[{"embeddable":true,"href":"https:\/\/atrapapelos.shop\/index.php\/wp-json\/wp\/v2\/media\/5427"}],"wp:attachment":[{"href":"https:\/\/atrapapelos.shop\/index.php\/wp-json\/wp\/v2\/media?parent=5377"}],"wp:term":[{"taxonomy":"product_brand","embeddable":true,"href":"https:\/\/atrapapelos.shop\/index.php\/wp-json\/wp\/v2\/product_brand?post=5377"},{"taxonomy":"product_cat","embeddable":true,"href":"https:\/\/atrapapelos.shop\/index.php\/wp-json\/wp\/v2\/product_cat?post=5377"},{"taxonomy":"product_tag","embeddable":true,"href":"https:\/\/atrapapelos.shop\/index.php\/wp-json\/wp\/v2\/product_tag?post=5377"}],"curies":[{"name":"wp","href":"https:\/\/api.w.org\/{rel}","templated":true}]}}