{"id":5375,"date":"2026-04-06T15:28:50","date_gmt":"2026-04-06T15:28:50","guid":{"rendered":"https:\/\/atrapapelos.shop\/?post_type=product&#038;p=5375"},"modified":"2026-04-06T16:29:21","modified_gmt":"2026-04-06T16:29:21","slug":"vino-en-bag-in-box-5-litros-tinto-5","status":"publish","type":"product","link":"https:\/\/atrapapelos.shop\/index.php\/producto\/vino-en-bag-in-box-5-litros-tinto-5\/","title":{"rendered":"Vino en bag in box 5 litros. Tinto 5"},"content":{"rendered":"<p>Vino tempranillo criado con cuerpo y excelente bouquet, habitualmente llamado por nuestros clientes \u00abEl del tap\u00f3n amarillo\u00bb por ser de ese color la c\u00e1psula con la que cerr\u00e1bamos los garr\u00e1fones en tiempos pasados.<\/p>\n<p>Nuestro vino m\u00e1s mimado en bag in box.<\/p>\n<p>Recomendable para optimizar costos en portes pedidos totales a partir de 40 kgs. o 40 litros<\/p>\n","protected":false},"excerpt":{"rendered":"<p>Variedad 100% Tempranillo<\/p>\n","protected":false},"featured_media":5421,"comment_status":"open","ping_status":"closed","template":"","meta":[],"product_brand":[],"product_cat":[108,99,72,109,132],"product_tag":[81,90,91],"class_list":{"0":"post-5375","1":"product","2":"type-product","3":"status-publish","4":"has-post-thumbnail","6":"product_cat-5-litros","7":"product_cat-nuestros-bag-in-box-en-5l-y-15l","8":"product_cat-nuestros-vinos","9":"product_cat-tinto-5-litros","10":"product_cat-tinto-5-tinto-5-litros","11":"product_tag-rioja","12":"product_tag-rosado","13":"product_tag-tinto","15":"first","16":"instock","17":"shipping-taxable","18":"purchasable","19":"product-type-simple"},"_links":{"self":[{"href":"https:\/\/atrapapelos.shop\/index.php\/wp-json\/wp\/v2\/product\/5375","targetHints":{"allow":["GET"]}}],"collection":[{"href":"https:\/\/atrapapelos.shop\/index.php\/wp-json\/wp\/v2\/product"}],"about":[{"href":"https:\/\/atrapapelos.shop\/index.php\/wp-json\/wp\/v2\/types\/product"}],"replies":[{"embeddable":true,"href":"https:\/\/atrapapelos.shop\/index.php\/wp-json\/wp\/v2\/comments?post=5375"}],"wp:featuredmedia":[{"embeddable":true,"href":"https:\/\/atrapapelos.shop\/index.php\/wp-json\/wp\/v2\/media\/5421"}],"wp:attachment":[{"href":"https:\/\/atrapapelos.shop\/index.php\/wp-json\/wp\/v2\/media?parent=5375"}],"wp:term":[{"taxonomy":"product_brand","embeddable":true,"href":"https:\/\/atrapapelos.shop\/index.php\/wp-json\/wp\/v2\/product_brand?post=5375"},{"taxonomy":"product_cat","embeddable":true,"href":"https:\/\/atrapapelos.shop\/index.php\/wp-json\/wp\/v2\/product_cat?post=5375"},{"taxonomy":"product_tag","embeddable":true,"href":"https:\/\/atrapapelos.shop\/index.php\/wp-json\/wp\/v2\/product_tag?post=5375"}],"curies":[{"name":"wp","href":"https:\/\/api.w.org\/{rel}","templated":true}]}}