{"id":5374,"date":"2026-04-06T15:28:49","date_gmt":"2026-04-06T15:28:49","guid":{"rendered":"https:\/\/atrapapelos.shop\/?post_type=product&#038;p=5374"},"modified":"2026-04-06T16:27:38","modified_gmt":"2026-04-06T16:27:38","slug":"vino-en-bag-in-box-5-litros-tinto-3","status":"publish","type":"product","link":"https:\/\/atrapapelos.shop\/index.php\/producto\/vino-en-bag-in-box-5-litros-tinto-3\/","title":{"rendered":"Vino en bag in box 5 litros. Tinto 3"},"content":{"rendered":"<p><strong>Nuestro \u00abTap\u00f3n Azul\u00bb de toda la vida, vino que se envasaba en garrafones sellados con una c\u00e1psula azul, y denominado popularmente desde hace muchos a\u00f1os como el vino del tap\u00f3n azul.<\/strong><br \/>\n<strong>Excelente vino tempranillo criado, con su t\u00edpico bouquet que tanto gusta tras a\u00f1os y a\u00f1os de ventas. Contiene sulfitos.<\/strong><\/p>\n","protected":false},"excerpt":{"rendered":"<p>Variedad 100% Tempranillo<\/p>\n","protected":false},"featured_media":5421,"comment_status":"open","ping_status":"closed","template":"","meta":[],"product_brand":[],"product_cat":[108,99,72,109,131],"product_tag":[81,90,91],"class_list":{"0":"post-5374","1":"product","2":"type-product","3":"status-publish","4":"has-post-thumbnail","6":"product_cat-5-litros","7":"product_cat-nuestros-bag-in-box-en-5l-y-15l","8":"product_cat-nuestros-vinos","9":"product_cat-tinto-5-litros","10":"product_cat-tinto-3-tinto-5-litros","11":"product_tag-rioja","12":"product_tag-rosado","13":"product_tag-tinto","15":"first","16":"instock","17":"shipping-taxable","18":"purchasable","19":"product-type-simple"},"_links":{"self":[{"href":"https:\/\/atrapapelos.shop\/index.php\/wp-json\/wp\/v2\/product\/5374","targetHints":{"allow":["GET"]}}],"collection":[{"href":"https:\/\/atrapapelos.shop\/index.php\/wp-json\/wp\/v2\/product"}],"about":[{"href":"https:\/\/atrapapelos.shop\/index.php\/wp-json\/wp\/v2\/types\/product"}],"replies":[{"embeddable":true,"href":"https:\/\/atrapapelos.shop\/index.php\/wp-json\/wp\/v2\/comments?post=5374"}],"wp:featuredmedia":[{"embeddable":true,"href":"https:\/\/atrapapelos.shop\/index.php\/wp-json\/wp\/v2\/media\/5421"}],"wp:attachment":[{"href":"https:\/\/atrapapelos.shop\/index.php\/wp-json\/wp\/v2\/media?parent=5374"}],"wp:term":[{"taxonomy":"product_brand","embeddable":true,"href":"https:\/\/atrapapelos.shop\/index.php\/wp-json\/wp\/v2\/product_brand?post=5374"},{"taxonomy":"product_cat","embeddable":true,"href":"https:\/\/atrapapelos.shop\/index.php\/wp-json\/wp\/v2\/product_cat?post=5374"},{"taxonomy":"product_tag","embeddable":true,"href":"https:\/\/atrapapelos.shop\/index.php\/wp-json\/wp\/v2\/product_tag?post=5374"}],"curies":[{"name":"wp","href":"https:\/\/api.w.org\/{rel}","templated":true}]}}