{"id":5366,"date":"2026-04-06T15:28:19","date_gmt":"2026-04-06T15:28:19","guid":{"rendered":"https:\/\/atrapapelos.shop\/?post_type=product&#038;p=5366"},"modified":"2026-04-06T16:24:35","modified_gmt":"2026-04-06T16:24:35","slug":"salchichon-artesano-con-vino-y-nueces-sarta-de-400-g-aprox","status":"publish","type":"product","link":"https:\/\/atrapapelos.shop\/index.php\/producto\/salchichon-artesano-con-vino-y-nueces-sarta-de-400-g-aprox\/","title":{"rendered":"Salchich\u00f3n artesano con vino y nueces. Sarta de 400 g aprox."},"content":{"rendered":"<p>Materia Prima: Carne de Cerdo Duroc 50%, alta filtraci\u00f3n intramuscular, muy tierna y jugosa.<\/p>\n<p>Ingredientes: Paleta y panceta de cerdo Duroc 50%, especias naturales, sal, vino blanco Rioja 2%, <strong>nueces<\/strong> 2%, azucares(az\u00facar y <strong>lactosa<\/strong>), <strong>conservador E-250 y E-252, antioxidante E-301.<\/strong><\/p>\n<p>Elaboraci\u00f3n: Artesanal, embutido en tripa natural y atado a mano con cuerda ROJA y BLANCA.<\/p>\n<p>Curaci\u00f3n: Asentamiento y maduraci\u00f3n de 1 semanas en c\u00e1mara controlando T\u00aa y H\u00aa m\u00e1s 4 o 5 semanas en secaderos Al Natural con apertura y cierre de ventanas seg\u00fan climatolog\u00eda.<\/p>\n<p>Presentaci\u00f3n: Pieza de 420 g aprox. en forma de herradura y envasado al vac\u00edo.<\/p>\n<p>Conservaci\u00f3n: Envasado al vac\u00edo 1 a\u00f1o en un lugar fresco y seco, recomendable fr\u00edo. Abrir unas horas antes de consumir para una buena aireaci\u00f3n.<\/p>\n","protected":false},"excerpt":{"rendered":"<p>Carne de Cerdo Duroc 50%<\/p>\n","protected":false},"featured_media":5417,"comment_status":"open","ping_status":"closed","template":"","meta":[],"product_brand":[],"product_cat":[129],"product_tag":[],"class_list":{"0":"post-5366","1":"product","2":"type-product","3":"status-publish","4":"has-post-thumbnail","6":"product_cat-embutidos-aceites-y-quesos","8":"first","9":"instock","10":"shipping-taxable","11":"purchasable","12":"product-type-simple"},"_links":{"self":[{"href":"https:\/\/atrapapelos.shop\/index.php\/wp-json\/wp\/v2\/product\/5366","targetHints":{"allow":["GET"]}}],"collection":[{"href":"https:\/\/atrapapelos.shop\/index.php\/wp-json\/wp\/v2\/product"}],"about":[{"href":"https:\/\/atrapapelos.shop\/index.php\/wp-json\/wp\/v2\/types\/product"}],"replies":[{"embeddable":true,"href":"https:\/\/atrapapelos.shop\/index.php\/wp-json\/wp\/v2\/comments?post=5366"}],"wp:featuredmedia":[{"embeddable":true,"href":"https:\/\/atrapapelos.shop\/index.php\/wp-json\/wp\/v2\/media\/5417"}],"wp:attachment":[{"href":"https:\/\/atrapapelos.shop\/index.php\/wp-json\/wp\/v2\/media?parent=5366"}],"wp:term":[{"taxonomy":"product_brand","embeddable":true,"href":"https:\/\/atrapapelos.shop\/index.php\/wp-json\/wp\/v2\/product_brand?post=5366"},{"taxonomy":"product_cat","embeddable":true,"href":"https:\/\/atrapapelos.shop\/index.php\/wp-json\/wp\/v2\/product_cat?post=5366"},{"taxonomy":"product_tag","embeddable":true,"href":"https:\/\/atrapapelos.shop\/index.php\/wp-json\/wp\/v2\/product_tag?post=5366"}],"curies":[{"name":"wp","href":"https:\/\/api.w.org\/{rel}","templated":true}]}}