{"id":5354,"date":"2026-04-06T15:27:19","date_gmt":"2026-04-06T15:27:19","guid":{"rendered":"https:\/\/atrapapelos.shop\/?post_type=product&#038;p=5354"},"modified":"2026-04-06T15:42:14","modified_gmt":"2026-04-06T15:42:14","slug":"esparragos-blancos-17-24-extra-1kg-790-g-muy-gruesos-d-o-navarra","status":"publish","type":"product","link":"https:\/\/atrapapelos.shop\/index.php\/producto\/esparragos-blancos-17-24-extra-1kg-790-g-muy-gruesos-d-o-navarra\/","title":{"rendered":"Esp\u00e1rragos Blancos 17\/24 Extra 1kg (790 g) Muy Gruesos. D.O.Navarra"},"content":{"rendered":"<p>Lata de Esp\u00e1rragos Blancos de Navarra Conservas Asensio Extra (790 g de peso neto y 500 g de peso escurrido).<\/p>\n<p>Gruesos. 17-24 productos en lata, natural, Reyno Gourmet, artesano,<\/p>\n<p>Denominaci\u00f3n de Origen Protegida esp\u00e1rrago de Navarra. Tapa de F\u00e1cil apertura<\/p>\n","protected":false},"excerpt":{"rendered":"<p>D.O. Navarra<\/p>\n","protected":false},"featured_media":5405,"comment_status":"open","ping_status":"closed","template":"","meta":[],"product_brand":[],"product_cat":[113,114],"product_tag":[],"class_list":{"0":"post-5354","1":"product","2":"type-product","3":"status-publish","4":"has-post-thumbnail","6":"product_cat-conservas-vegetales-y-de-pescado","7":"product_cat-esparragos-y-yemas-denominacion-origen-navarra","9":"first","10":"instock","11":"shipping-taxable","12":"purchasable","13":"product-type-simple"},"_links":{"self":[{"href":"https:\/\/atrapapelos.shop\/index.php\/wp-json\/wp\/v2\/product\/5354","targetHints":{"allow":["GET"]}}],"collection":[{"href":"https:\/\/atrapapelos.shop\/index.php\/wp-json\/wp\/v2\/product"}],"about":[{"href":"https:\/\/atrapapelos.shop\/index.php\/wp-json\/wp\/v2\/types\/product"}],"replies":[{"embeddable":true,"href":"https:\/\/atrapapelos.shop\/index.php\/wp-json\/wp\/v2\/comments?post=5354"}],"wp:featuredmedia":[{"embeddable":true,"href":"https:\/\/atrapapelos.shop\/index.php\/wp-json\/wp\/v2\/media\/5405"}],"wp:attachment":[{"href":"https:\/\/atrapapelos.shop\/index.php\/wp-json\/wp\/v2\/media?parent=5354"}],"wp:term":[{"taxonomy":"product_brand","embeddable":true,"href":"https:\/\/atrapapelos.shop\/index.php\/wp-json\/wp\/v2\/product_brand?post=5354"},{"taxonomy":"product_cat","embeddable":true,"href":"https:\/\/atrapapelos.shop\/index.php\/wp-json\/wp\/v2\/product_cat?post=5354"},{"taxonomy":"product_tag","embeddable":true,"href":"https:\/\/atrapapelos.shop\/index.php\/wp-json\/wp\/v2\/product_tag?post=5354"}],"curies":[{"name":"wp","href":"https:\/\/api.w.org\/{rel}","templated":true}]}}