{"id":5353,"date":"2026-04-06T15:27:18","date_gmt":"2026-04-06T15:27:18","guid":{"rendered":"https:\/\/atrapapelos.shop\/?post_type=product&#038;p=5353"},"modified":"2026-04-06T15:40:25","modified_gmt":"2026-04-06T15:40:25","slug":"guindillas-piparras-en-vinagre-130-g","status":"publish","type":"product","link":"https:\/\/atrapapelos.shop\/index.php\/producto\/guindillas-piparras-en-vinagre-130-g\/","title":{"rendered":"Guindillas-Piparras en vinagre 130 g"},"content":{"rendered":"<p>Guindillas o Piparras en vinagre de vino. Categor\u00eda comercial EXTRA de 130 g de peso escurrido y envasado en el formato cristal B-370. Ingredientes: Guindillas frescas, vinagre de vino blanco, sal y antioxidante: \u00e1cido asc\u00f3rbico. No contiene gluten.<br \/>\nLas guindillas (o piparras en vasco), conservadas en este envase proceden del valle del r\u00edo EGA (Navarra), donde son recolectadas en los d\u00edas m\u00e1s adecuados para que mantengan su textura y color caracter\u00edsticos. Pueden picar o no.<\/p>\n<p>INFORMACI\u00d3N NUTRICIONAL:<\/p>\n<p>Valores medios en 100 gramos de producto:<br \/>\nValor energ\u00e9tico 83 kjul\/ 20 kcal<br \/>\nGrasas&#8230;&#8230;&#8230;&#8230;&#8230;&#8230;&#8230;&#8230;&#8230;&#8230;&#8230;&#8230;&#8230;&#8230;&#8230;&#8230;&#8230;&#8230;&#8230;&#8230;&#8230;0,4 g<br \/>\nde las cu\u00e1les \u00e1cidos grasos saturados&#8230;&#8230;0 g<br \/>\nHidratos de carbono&#8230;&#8230;&#8230;&#8230;&#8230;&#8230;&#8230;&#8230;&#8230;&#8230;&#8230;&#8230;&#8230;.5 g<br \/>\nde los cu\u00e1les az\u00facares&#8230;&#8230;&#8230;&#8230;&#8230;&#8230;&#8230;&#8230;&#8230;&#8230;&#8230;..0 g<br \/>\nProte\u00ednas&#8230;&#8230;&#8230;&#8230;&#8230;&#8230;&#8230;&#8230;&#8230;&#8230;&#8230;&#8230;&#8230;&#8230;&#8230;&#8230;&#8230;&#8230;&#8230;..2 g<br \/>\nSal&#8230;&#8230;&#8230;&#8230;&#8230;&#8230;&#8230;&#8230;&#8230;&#8230;&#8230;&#8230;&#8230;&#8230;&#8230;&#8230;&#8230;&#8230;&#8230;&#8230;&#8230;&#8230;&#8230;..2 g<\/p>\n","protected":false},"excerpt":{"rendered":"<p>Origen Navarra<\/p>\n","protected":false},"featured_media":5403,"comment_status":"open","ping_status":"closed","template":"","meta":[],"product_brand":[],"product_cat":[113,127],"product_tag":[],"class_list":{"0":"post-5353","1":"product","2":"type-product","3":"status-publish","4":"has-post-thumbnail","6":"product_cat-conservas-vegetales-y-de-pescado","7":"product_cat-guindillas-en-aceite-guindillas-en-vinagre-y-alegrias-riojanas","9":"first","10":"instock","11":"shipping-taxable","12":"purchasable","13":"product-type-simple"},"_links":{"self":[{"href":"https:\/\/atrapapelos.shop\/index.php\/wp-json\/wp\/v2\/product\/5353","targetHints":{"allow":["GET"]}}],"collection":[{"href":"https:\/\/atrapapelos.shop\/index.php\/wp-json\/wp\/v2\/product"}],"about":[{"href":"https:\/\/atrapapelos.shop\/index.php\/wp-json\/wp\/v2\/types\/product"}],"replies":[{"embeddable":true,"href":"https:\/\/atrapapelos.shop\/index.php\/wp-json\/wp\/v2\/comments?post=5353"}],"wp:featuredmedia":[{"embeddable":true,"href":"https:\/\/atrapapelos.shop\/index.php\/wp-json\/wp\/v2\/media\/5403"}],"wp:attachment":[{"href":"https:\/\/atrapapelos.shop\/index.php\/wp-json\/wp\/v2\/media?parent=5353"}],"wp:term":[{"taxonomy":"product_brand","embeddable":true,"href":"https:\/\/atrapapelos.shop\/index.php\/wp-json\/wp\/v2\/product_brand?post=5353"},{"taxonomy":"product_cat","embeddable":true,"href":"https:\/\/atrapapelos.shop\/index.php\/wp-json\/wp\/v2\/product_cat?post=5353"},{"taxonomy":"product_tag","embeddable":true,"href":"https:\/\/atrapapelos.shop\/index.php\/wp-json\/wp\/v2\/product_tag?post=5353"}],"curies":[{"name":"wp","href":"https:\/\/api.w.org\/{rel}","templated":true}]}}