{"id":5348,"date":"2026-04-06T15:27:07","date_gmt":"2026-04-06T15:27:07","guid":{"rendered":"https:\/\/atrapapelos.shop\/?post_type=product&#038;p=5348"},"modified":"2026-04-06T15:33:15","modified_gmt":"2026-04-06T15:33:15","slug":"vino-en-bag-in-box-5-litros-blanco","status":"publish","type":"product","link":"https:\/\/atrapapelos.shop\/index.php\/producto\/vino-en-bag-in-box-5-litros-blanco\/","title":{"rendered":"Vino en bag in box 5 litros. Blanco"},"content":{"rendered":"<p><strong>Vino Blanco viura, ideal para el d\u00eda a d\u00eda, en un envase f\u00e1cilmente adaptable a peque\u00f1os huecos en nuestro hogar y f\u00e1cil de transportar por su reducido tama\u00f1o. Contiene sulfitos.<\/strong><\/p>\n","protected":false},"excerpt":{"rendered":"<p>Variedad Viura<\/p>\n","protected":false},"featured_media":5389,"comment_status":"open","ping_status":"closed","template":"","meta":[],"product_brand":[],"product_cat":[108,112,99,72],"product_tag":[81,90,91],"class_list":{"0":"post-5348","1":"product","2":"type-product","3":"status-publish","4":"has-post-thumbnail","6":"product_cat-5-litros","7":"product_cat-blanco-5-litros","8":"product_cat-nuestros-bag-in-box-en-5l-y-15l","9":"product_cat-nuestros-vinos","10":"product_tag-rioja","11":"product_tag-rosado","12":"product_tag-tinto","14":"first","15":"instock","16":"shipping-taxable","17":"purchasable","18":"product-type-simple"},"_links":{"self":[{"href":"https:\/\/atrapapelos.shop\/index.php\/wp-json\/wp\/v2\/product\/5348","targetHints":{"allow":["GET"]}}],"collection":[{"href":"https:\/\/atrapapelos.shop\/index.php\/wp-json\/wp\/v2\/product"}],"about":[{"href":"https:\/\/atrapapelos.shop\/index.php\/wp-json\/wp\/v2\/types\/product"}],"replies":[{"embeddable":true,"href":"https:\/\/atrapapelos.shop\/index.php\/wp-json\/wp\/v2\/comments?post=5348"}],"wp:featuredmedia":[{"embeddable":true,"href":"https:\/\/atrapapelos.shop\/index.php\/wp-json\/wp\/v2\/media\/5389"}],"wp:attachment":[{"href":"https:\/\/atrapapelos.shop\/index.php\/wp-json\/wp\/v2\/media?parent=5348"}],"wp:term":[{"taxonomy":"product_brand","embeddable":true,"href":"https:\/\/atrapapelos.shop\/index.php\/wp-json\/wp\/v2\/product_brand?post=5348"},{"taxonomy":"product_cat","embeddable":true,"href":"https:\/\/atrapapelos.shop\/index.php\/wp-json\/wp\/v2\/product_cat?post=5348"},{"taxonomy":"product_tag","embeddable":true,"href":"https:\/\/atrapapelos.shop\/index.php\/wp-json\/wp\/v2\/product_tag?post=5348"}],"curies":[{"name":"wp","href":"https:\/\/api.w.org\/{rel}","templated":true}]}}