{"id":5346,"date":"2026-04-06T15:27:05","date_gmt":"2026-04-06T15:27:05","guid":{"rendered":"https:\/\/atrapapelos.shop\/?post_type=product&#038;p=5346"},"modified":"2026-04-06T15:32:23","modified_gmt":"2026-04-06T15:32:23","slug":"vino-en-bag-in-box-5-litros-tinto-joven","status":"publish","type":"product","link":"https:\/\/atrapapelos.shop\/index.php\/producto\/vino-en-bag-in-box-5-litros-tinto-joven\/","title":{"rendered":"Vino en bag in box 5 litros. Tinto Joven"},"content":{"rendered":"<p>Vino joven, ideal para el d\u00eda a d\u00eda, en un envase f\u00e1cilmente adaptable a peque\u00f1os huecos en nuestro hogar y facil de transportar por su reducido tama\u00f1o.<\/p>\n","protected":false},"excerpt":{"rendered":"<p>Variedad 100% Tempranillo<\/p>\n","protected":false},"featured_media":5389,"comment_status":"open","ping_status":"closed","template":"","meta":[],"product_brand":[],"product_cat":[108,99,72,109,110],"product_tag":[81,90,91],"class_list":{"0":"post-5346","1":"product","2":"type-product","3":"status-publish","4":"has-post-thumbnail","6":"product_cat-5-litros","7":"product_cat-nuestros-bag-in-box-en-5l-y-15l","8":"product_cat-nuestros-vinos","9":"product_cat-tinto-5-litros","10":"product_cat-tinto-joven-tinto-5-litros","11":"product_tag-rioja","12":"product_tag-rosado","13":"product_tag-tinto","15":"first","16":"instock","17":"shipping-taxable","18":"purchasable","19":"product-type-simple"},"_links":{"self":[{"href":"https:\/\/atrapapelos.shop\/index.php\/wp-json\/wp\/v2\/product\/5346","targetHints":{"allow":["GET"]}}],"collection":[{"href":"https:\/\/atrapapelos.shop\/index.php\/wp-json\/wp\/v2\/product"}],"about":[{"href":"https:\/\/atrapapelos.shop\/index.php\/wp-json\/wp\/v2\/types\/product"}],"replies":[{"embeddable":true,"href":"https:\/\/atrapapelos.shop\/index.php\/wp-json\/wp\/v2\/comments?post=5346"}],"wp:featuredmedia":[{"embeddable":true,"href":"https:\/\/atrapapelos.shop\/index.php\/wp-json\/wp\/v2\/media\/5389"}],"wp:attachment":[{"href":"https:\/\/atrapapelos.shop\/index.php\/wp-json\/wp\/v2\/media?parent=5346"}],"wp:term":[{"taxonomy":"product_brand","embeddable":true,"href":"https:\/\/atrapapelos.shop\/index.php\/wp-json\/wp\/v2\/product_brand?post=5346"},{"taxonomy":"product_cat","embeddable":true,"href":"https:\/\/atrapapelos.shop\/index.php\/wp-json\/wp\/v2\/product_cat?post=5346"},{"taxonomy":"product_tag","embeddable":true,"href":"https:\/\/atrapapelos.shop\/index.php\/wp-json\/wp\/v2\/product_tag?post=5346"}],"curies":[{"name":"wp","href":"https:\/\/api.w.org\/{rel}","templated":true}]}}