{"id":5345,"date":"2026-04-06T15:27:04","date_gmt":"2026-04-06T15:27:04","guid":{"rendered":"https:\/\/atrapapelos.shop\/?post_type=product&#038;p=5345"},"modified":"2026-04-06T15:32:03","modified_gmt":"2026-04-06T15:32:03","slug":"vino-en-bag-in-box-15-litros-tinto-5","status":"publish","type":"product","link":"https:\/\/atrapapelos.shop\/index.php\/producto\/vino-en-bag-in-box-15-litros-tinto-5\/","title":{"rendered":"Vino en bag in box 15 litros. Tinto 5"},"content":{"rendered":"<p><strong>Vino tempranillo criado con cuerpo y excelente bouquet, habitualmente llamado por nuestros clientes \u00abEl del tap\u00f3n amarillo\u00bb por ser de ese color la c\u00e1psula con la que cerr\u00e1bamos los garr\u00e1fones en tiempos pasados. Nuestro vino m\u00e1s mimado en bag in box.<\/strong><\/p>\n<p><strong>Contiene sulfitos.<\/strong><\/p>\n<p>&nbsp;<\/p>\n","protected":false},"excerpt":{"rendered":"<p>Variedad 100% Tempranillo<\/p>\n","protected":false},"featured_media":5386,"comment_status":"open","ping_status":"closed","template":"","meta":[],"product_brand":[],"product_cat":[100,99,72,101,107],"product_tag":[81,90,91],"class_list":{"0":"post-5345","1":"product","2":"type-product","3":"status-publish","4":"has-post-thumbnail","6":"product_cat-15-litros","7":"product_cat-nuestros-bag-in-box-en-5l-y-15l","8":"product_cat-nuestros-vinos","9":"product_cat-tinto","10":"product_cat-tinto-5","11":"product_tag-rioja","12":"product_tag-rosado","13":"product_tag-tinto","15":"first","16":"instock","17":"shipping-taxable","18":"purchasable","19":"product-type-simple"},"_links":{"self":[{"href":"https:\/\/atrapapelos.shop\/index.php\/wp-json\/wp\/v2\/product\/5345","targetHints":{"allow":["GET"]}}],"collection":[{"href":"https:\/\/atrapapelos.shop\/index.php\/wp-json\/wp\/v2\/product"}],"about":[{"href":"https:\/\/atrapapelos.shop\/index.php\/wp-json\/wp\/v2\/types\/product"}],"replies":[{"embeddable":true,"href":"https:\/\/atrapapelos.shop\/index.php\/wp-json\/wp\/v2\/comments?post=5345"}],"wp:featuredmedia":[{"embeddable":true,"href":"https:\/\/atrapapelos.shop\/index.php\/wp-json\/wp\/v2\/media\/5386"}],"wp:attachment":[{"href":"https:\/\/atrapapelos.shop\/index.php\/wp-json\/wp\/v2\/media?parent=5345"}],"wp:term":[{"taxonomy":"product_brand","embeddable":true,"href":"https:\/\/atrapapelos.shop\/index.php\/wp-json\/wp\/v2\/product_brand?post=5345"},{"taxonomy":"product_cat","embeddable":true,"href":"https:\/\/atrapapelos.shop\/index.php\/wp-json\/wp\/v2\/product_cat?post=5345"},{"taxonomy":"product_tag","embeddable":true,"href":"https:\/\/atrapapelos.shop\/index.php\/wp-json\/wp\/v2\/product_tag?post=5345"}],"curies":[{"name":"wp","href":"https:\/\/api.w.org\/{rel}","templated":true}]}}