{"id":5342,"date":"2026-04-06T15:27:03","date_gmt":"2026-04-06T15:27:03","guid":{"rendered":"https:\/\/atrapapelos.shop\/?post_type=product&#038;p=5342"},"modified":"2026-04-06T15:30:29","modified_gmt":"2026-04-06T15:30:29","slug":"vino-en-bag-in-box-de-15-litros-blanco","status":"publish","type":"product","link":"https:\/\/atrapapelos.shop\/index.php\/producto\/vino-en-bag-in-box-de-15-litros-blanco\/","title":{"rendered":"Vino en bag in box de 15 litros. Blanco"},"content":{"rendered":"<p>Vinos afrutados envasados en sistema bag in box.<br \/>\nLa Viura es la principal variedad blanca cultivada en Rioja, ofrece vinos afrutados, con un aroma floral y con notable grado de acidez,ideal para elaboraci\u00f3n tanto de blancos j\u00f3venes como de crianza.<br \/>\nEl bag in box es un envase formado b\u00e1sicamente por una caja y una bolsa. La bolsa est\u00e1 formada por varias l\u00e1minas que protegen el producto de la oxidaci\u00f3n y luz; y una v\u00e1lvula de grifo o tapa que facilita la dosificaci\u00f3n del mismo. Dicha bolsa est\u00e1 protegida de la luz y posibles da\u00f1os por una caja, que adem\u00e1s facilita su transporte.<\/p>\n<p><strong>Contiene sulfitos.<\/strong><\/p>\n","protected":false},"excerpt":{"rendered":"<p>Vino blanco, variedad Viura<\/p>\n","protected":false},"featured_media":5380,"comment_status":"open","ping_status":"closed","template":"","meta":[],"product_brand":[],"product_cat":[100,104,99,72],"product_tag":[81,90,91],"class_list":{"0":"post-5342","1":"product","2":"type-product","3":"status-publish","4":"has-post-thumbnail","6":"product_cat-15-litros","7":"product_cat-blanco","8":"product_cat-nuestros-bag-in-box-en-5l-y-15l","9":"product_cat-nuestros-vinos","10":"product_tag-rioja","11":"product_tag-rosado","12":"product_tag-tinto","14":"first","15":"instock","16":"shipping-taxable","17":"purchasable","18":"product-type-simple"},"_links":{"self":[{"href":"https:\/\/atrapapelos.shop\/index.php\/wp-json\/wp\/v2\/product\/5342","targetHints":{"allow":["GET"]}}],"collection":[{"href":"https:\/\/atrapapelos.shop\/index.php\/wp-json\/wp\/v2\/product"}],"about":[{"href":"https:\/\/atrapapelos.shop\/index.php\/wp-json\/wp\/v2\/types\/product"}],"replies":[{"embeddable":true,"href":"https:\/\/atrapapelos.shop\/index.php\/wp-json\/wp\/v2\/comments?post=5342"}],"wp:featuredmedia":[{"embeddable":true,"href":"https:\/\/atrapapelos.shop\/index.php\/wp-json\/wp\/v2\/media\/5380"}],"wp:attachment":[{"href":"https:\/\/atrapapelos.shop\/index.php\/wp-json\/wp\/v2\/media?parent=5342"}],"wp:term":[{"taxonomy":"product_brand","embeddable":true,"href":"https:\/\/atrapapelos.shop\/index.php\/wp-json\/wp\/v2\/product_brand?post=5342"},{"taxonomy":"product_cat","embeddable":true,"href":"https:\/\/atrapapelos.shop\/index.php\/wp-json\/wp\/v2\/product_cat?post=5342"},{"taxonomy":"product_tag","embeddable":true,"href":"https:\/\/atrapapelos.shop\/index.php\/wp-json\/wp\/v2\/product_tag?post=5342"}],"curies":[{"name":"wp","href":"https:\/\/api.w.org\/{rel}","templated":true}]}}