{"id":5339,"date":"2026-04-06T15:27:02","date_gmt":"2026-04-06T15:27:02","guid":{"rendered":"https:\/\/atrapapelos.shop\/?post_type=product&#038;p=5339"},"modified":"2026-04-06T15:29:02","modified_gmt":"2026-04-06T15:29:02","slug":"vino-blue-moscatel-dulce-caja-de-12-botellas-de-75-cls","status":"publish","type":"product","link":"https:\/\/atrapapelos.shop\/index.php\/producto\/vino-blue-moscatel-dulce-caja-de-12-botellas-de-75-cls\/","title":{"rendered":"Vino Blue Moscatel Dulce. Caja de 12 botellas de 75 cls."},"content":{"rendered":"<div class=\"col-sm-12 segonaFila\">\n<div class=\"descCurta col-sm-6 col-xs-12\">\n<p>Es un vino muy arom\u00e1tico, propio de la variedad moscatel, y con gran frescura en boca gracias a la chispa que le aporta el gas carb\u00f3nico natural. Una gozada por su frescura y amabilidad, especialmente, en la temporada de verano.<\/p>\n<div>Vino blanco joven |\u00a0D.O. Vinos de la Tierra de Castilla |\u00a0Uvas:\u00a0Moscatel de Grano Menudo<\/div>\n<p>Prov\u00edncia:\u00a0Cuenca |\u00a0Comunidad Aut\u00f3noma:\u00a0Castilla la Mancha<\/p>\n<p><strong>Vista.<\/strong> Amarillo lim\u00f3n con densa l\u00e1grima y ligeramente carb\u00f3nico.<\/p>\n<p><strong>Nariz.<\/strong>\u00a0P\u00e9talo de rosa, jazm\u00edn, flores blancas y frutas como el melocot\u00f3n y el albaricoque.<\/p>\n<p><strong>Boca.<\/strong> Entrada suave con recorrido sedoso y dulce, recuerdos de flores en retronasal.<\/p>\n<div>\n<div><strong>Maridaje.<\/strong> Comida china, japonesa e hind\u00fa. Aperitivos y tapas.<\/div>\n<div><\/div>\n<\/div>\n<\/div>\n<div><strong>Contiene sulfitos.<\/strong><\/div>\n<\/div>\n","protected":false},"excerpt":{"rendered":"<p>Variedad moscatel<\/p>\n","protected":false},"featured_media":5379,"comment_status":"open","ping_status":"closed","template":"","meta":[],"product_brand":[],"product_cat":[98,72],"product_tag":[81],"class_list":{"0":"post-5339","1":"product","2":"type-product","3":"status-publish","4":"has-post-thumbnail","6":"product_cat-blancos-dulces-y-moscateles","7":"product_cat-nuestros-vinos","8":"product_tag-rioja","10":"first","11":"instock","12":"shipping-taxable","13":"purchasable","14":"product-type-simple"},"_links":{"self":[{"href":"https:\/\/atrapapelos.shop\/index.php\/wp-json\/wp\/v2\/product\/5339","targetHints":{"allow":["GET"]}}],"collection":[{"href":"https:\/\/atrapapelos.shop\/index.php\/wp-json\/wp\/v2\/product"}],"about":[{"href":"https:\/\/atrapapelos.shop\/index.php\/wp-json\/wp\/v2\/types\/product"}],"replies":[{"embeddable":true,"href":"https:\/\/atrapapelos.shop\/index.php\/wp-json\/wp\/v2\/comments?post=5339"}],"wp:featuredmedia":[{"embeddable":true,"href":"https:\/\/atrapapelos.shop\/index.php\/wp-json\/wp\/v2\/media\/5379"}],"wp:attachment":[{"href":"https:\/\/atrapapelos.shop\/index.php\/wp-json\/wp\/v2\/media?parent=5339"}],"wp:term":[{"taxonomy":"product_brand","embeddable":true,"href":"https:\/\/atrapapelos.shop\/index.php\/wp-json\/wp\/v2\/product_brand?post=5339"},{"taxonomy":"product_cat","embeddable":true,"href":"https:\/\/atrapapelos.shop\/index.php\/wp-json\/wp\/v2\/product_cat?post=5339"},{"taxonomy":"product_tag","embeddable":true,"href":"https:\/\/atrapapelos.shop\/index.php\/wp-json\/wp\/v2\/product_tag?post=5339"}],"curies":[{"name":"wp","href":"https:\/\/api.w.org\/{rel}","templated":true}]}}