{"id":5337,"date":"2026-04-06T15:27:02","date_gmt":"2026-04-06T15:27:02","guid":{"rendered":"https:\/\/atrapapelos.shop\/?post_type=product&#038;p=5337"},"modified":"2026-04-06T15:28:47","modified_gmt":"2026-04-06T15:28:47","slug":"vino-joven-clarete-caja-de-12-botellas-de-75-cls","status":"publish","type":"product","link":"https:\/\/atrapapelos.shop\/index.php\/producto\/vino-joven-clarete-caja-de-12-botellas-de-75-cls\/","title":{"rendered":"Vino joven clarete . Caja de 12 botellas de 75 cls."},"content":{"rendered":"<p><strong>Disponemos de una l\u00ednea de estos\u00a0vinos esenciales, en los que predomina la calidad y ahorramos costos innecesarios, para clientes como t\u00fa, que lo que buscas es calidad, precio y profesionalidad.<br \/>\n<\/strong><\/p>\n<p>Son vinos j\u00f3venes afrutados, con fuertes aromas, que conservan bien los sabores de las uvas de las que proceden, con graduaci\u00f3n media de entre 12,50\u00ba y 13\u00ba.<\/p>\n<p>Sus sabores afrutados hacen de ellos que sean vinos que est\u00e1n \u00aba la moda\u00bb<\/p>\n<p>Su consumo m\u00e1s recomendado es al a\u00f1o o dos a\u00f1os despu\u00e9s de la vendimia, si pasa m\u00e1s tiempo el vino pierde parte de sus esencias.<\/p>\n<p><strong>Contiene sulfitos.<\/strong><\/p>\n","protected":false},"excerpt":{"rendered":"<p>Vino joven afrutado<\/p>\n","protected":false},"featured_media":5372,"comment_status":"open","ping_status":"closed","template":"","meta":[],"product_brand":[],"product_cat":[72,97],"product_tag":[81,90,91],"class_list":{"0":"post-5337","1":"product","2":"type-product","3":"status-publish","4":"has-post-thumbnail","6":"product_cat-nuestros-vinos","7":"product_cat-seleccion-de-vinos-jovenes-botella-vino-registro-de-sanidad-nuestros-low-cost","8":"product_tag-rioja","9":"product_tag-rosado","10":"product_tag-tinto","12":"first","13":"instock","14":"shipping-taxable","15":"purchasable","16":"product-type-simple"},"_links":{"self":[{"href":"https:\/\/atrapapelos.shop\/index.php\/wp-json\/wp\/v2\/product\/5337","targetHints":{"allow":["GET"]}}],"collection":[{"href":"https:\/\/atrapapelos.shop\/index.php\/wp-json\/wp\/v2\/product"}],"about":[{"href":"https:\/\/atrapapelos.shop\/index.php\/wp-json\/wp\/v2\/types\/product"}],"replies":[{"embeddable":true,"href":"https:\/\/atrapapelos.shop\/index.php\/wp-json\/wp\/v2\/comments?post=5337"}],"wp:featuredmedia":[{"embeddable":true,"href":"https:\/\/atrapapelos.shop\/index.php\/wp-json\/wp\/v2\/media\/5372"}],"wp:attachment":[{"href":"https:\/\/atrapapelos.shop\/index.php\/wp-json\/wp\/v2\/media?parent=5337"}],"wp:term":[{"taxonomy":"product_brand","embeddable":true,"href":"https:\/\/atrapapelos.shop\/index.php\/wp-json\/wp\/v2\/product_brand?post=5337"},{"taxonomy":"product_cat","embeddable":true,"href":"https:\/\/atrapapelos.shop\/index.php\/wp-json\/wp\/v2\/product_cat?post=5337"},{"taxonomy":"product_tag","embeddable":true,"href":"https:\/\/atrapapelos.shop\/index.php\/wp-json\/wp\/v2\/product_tag?post=5337"}],"curies":[{"name":"wp","href":"https:\/\/api.w.org\/{rel}","templated":true}]}}