{"id":5334,"date":"2026-04-06T15:27:01","date_gmt":"2026-04-06T15:27:01","guid":{"rendered":"https:\/\/atrapapelos.shop\/?post_type=product&#038;p=5334"},"modified":"2026-04-06T15:28:36","modified_gmt":"2026-04-06T15:28:36","slug":"vino-tinto-crianza-promesa-2018-caja-de-6-botellas-de-75-cls","status":"publish","type":"product","link":"https:\/\/atrapapelos.shop\/index.php\/producto\/vino-tinto-crianza-promesa-2018-caja-de-6-botellas-de-75-cls\/","title":{"rendered":"Vino Tinto Crianza Promesa 2018. Caja de 6 botellas de 75 cls."},"content":{"rendered":"<p>Vino de Intensidad media-alta, de color rojo p\u00farpura y ribete de menisco azulado, l\u00e1grima densa y coloreada, aromas de frutos negros, (\u00a0mora y ar\u00e1ndanos) unidos a los especiados provenientes del roble americano tales como clavo,\u00a0canela, tabaco rubio y ligeras notas bals\u00e1micas. Buen reflejo de la variedad tempranillo, mostrando elegancia y complejidad, de las tres fases de la cata es esta, la que roza la m\u00e1xima puntuaci\u00f3n mostrando una entrada amplia, fresca y sedosa, desarroll\u00e1ndose durante su recorrido un gran volumen y estructura.\u00a0Final largo, gustoso y de un extraordinario aroma en\u00a0retronasal. Envejecimiento 12 meses en barrica de roble americano (70%) y franc\u00e9s (30%).<\/p>\n<p>Maridaje: Quesos de curaci\u00f3n media, carnes blancas y rojas, cordero, pescados en salsa y platos de cuchara como, marmitako, las pochas y las judias con perdiz.<\/p>\n<p>Temperatura de servicio: 16-18\u00baC<\/p>\n<p>Puntuaci\u00f3n en prensa especializada: 90 puntos sobre 100 (Excelente)<\/p>\n<p><strong>Contiene sulfitos.<\/strong><\/p>\n","protected":false},"excerpt":{"rendered":"<p>Rioja Red Blend<\/p>\n","protected":false},"featured_media":5369,"comment_status":"open","ping_status":"closed","template":"","meta":[],"product_brand":[],"product_cat":[94],"product_tag":[81,90,91],"class_list":{"0":"post-5334","1":"product","2":"type-product","3":"status-publish","4":"has-post-thumbnail","6":"product_cat-vinos-promesa-denominacion-origen-calificada-rioja","7":"product_tag-rioja","8":"product_tag-rosado","9":"product_tag-tinto","11":"first","12":"instock","13":"sale","14":"shipping-taxable","15":"purchasable","16":"product-type-simple"},"_links":{"self":[{"href":"https:\/\/atrapapelos.shop\/index.php\/wp-json\/wp\/v2\/product\/5334","targetHints":{"allow":["GET"]}}],"collection":[{"href":"https:\/\/atrapapelos.shop\/index.php\/wp-json\/wp\/v2\/product"}],"about":[{"href":"https:\/\/atrapapelos.shop\/index.php\/wp-json\/wp\/v2\/types\/product"}],"replies":[{"embeddable":true,"href":"https:\/\/atrapapelos.shop\/index.php\/wp-json\/wp\/v2\/comments?post=5334"}],"wp:featuredmedia":[{"embeddable":true,"href":"https:\/\/atrapapelos.shop\/index.php\/wp-json\/wp\/v2\/media\/5369"}],"wp:attachment":[{"href":"https:\/\/atrapapelos.shop\/index.php\/wp-json\/wp\/v2\/media?parent=5334"}],"wp:term":[{"taxonomy":"product_brand","embeddable":true,"href":"https:\/\/atrapapelos.shop\/index.php\/wp-json\/wp\/v2\/product_brand?post=5334"},{"taxonomy":"product_cat","embeddable":true,"href":"https:\/\/atrapapelos.shop\/index.php\/wp-json\/wp\/v2\/product_cat?post=5334"},{"taxonomy":"product_tag","embeddable":true,"href":"https:\/\/atrapapelos.shop\/index.php\/wp-json\/wp\/v2\/product_tag?post=5334"}],"curies":[{"name":"wp","href":"https:\/\/api.w.org\/{rel}","templated":true}]}}