{"id":5331,"date":"2026-04-06T15:27:00","date_gmt":"2026-04-06T15:27:00","guid":{"rendered":"https:\/\/atrapapelos.shop\/?post_type=product&#038;p=5331"},"modified":"2026-04-06T15:28:13","modified_gmt":"2026-04-06T15:28:13","slug":"vino-tinto-reserva-promesa-2016-caja-de-6-botellas-de-75-cls","status":"publish","type":"product","link":"https:\/\/atrapapelos.shop\/index.php\/producto\/vino-tinto-reserva-promesa-2016-caja-de-6-botellas-de-75-cls\/","title":{"rendered":"Vino Tinto Reserva Promesa 2016. Caja de 6 botellas de 75 cls."},"content":{"rendered":"<p>En nuestro establecimiento ponemos a su disposici\u00f3n un Reserva de Rioja especialmente mimado, con sabores y aromas intensos que lo convierte en exclusivos as\u00ed como en perfecto compa\u00f1ero de mesa.<\/p>\n<p><strong>100% Tempranillo<\/strong>. Rioja alta y Rioja alavesa. grado alcoh\u00f3lico 13,5% acidez total: 5,4 g\/l.t\u00e1rtarica. Fecha de vendimia: 1\u00aa semana de octubre. Vinificaci\u00f3n: fermentaci\u00f3n en dep\u00f3sitos de acero inoxidable con control de temperatura. Maceraci\u00f3n 16 d\u00edas. Envejecimiento: 20 meses en barrica de roble americano (70%) y franc\u00e9s (30%)<\/p>\n<p>Brillante y cristalino de intensidad alta, color p\u00farpura con ribete azulado. Elegante y complejo con notas de tabaco y madera. Recuerdos de mora, ciruelas en licor y endrinas. Retronasal potente con notas l\u00e1cteas. Ataque en boca intenso, desarrollando un gran volumen, fresco y elegante, es un vino muy largo.<\/p>\n<p>Maridaje: Quesos curados y semicurados. En cuanto a carnes, va perfecto con carnes rojas, asados y caza mayor. Ideal para iniciar la sobremesa.<\/p>\n<p>92 puntos sobre 100 en prensa especializada. (Excelente)<\/p>\n","protected":false},"excerpt":{"rendered":"<p>Variedad 100% Tempranillo<\/p>\n","protected":false},"featured_media":5364,"comment_status":"open","ping_status":"closed","template":"","meta":[],"product_brand":[],"product_cat":[94],"product_tag":[81,90,91],"class_list":{"0":"post-5331","1":"product","2":"type-product","3":"status-publish","4":"has-post-thumbnail","6":"product_cat-vinos-promesa-denominacion-origen-calificada-rioja","7":"product_tag-rioja","8":"product_tag-rosado","9":"product_tag-tinto","11":"first","12":"instock","13":"shipping-taxable","14":"purchasable","15":"product-type-simple"},"_links":{"self":[{"href":"https:\/\/atrapapelos.shop\/index.php\/wp-json\/wp\/v2\/product\/5331","targetHints":{"allow":["GET"]}}],"collection":[{"href":"https:\/\/atrapapelos.shop\/index.php\/wp-json\/wp\/v2\/product"}],"about":[{"href":"https:\/\/atrapapelos.shop\/index.php\/wp-json\/wp\/v2\/types\/product"}],"replies":[{"embeddable":true,"href":"https:\/\/atrapapelos.shop\/index.php\/wp-json\/wp\/v2\/comments?post=5331"}],"wp:featuredmedia":[{"embeddable":true,"href":"https:\/\/atrapapelos.shop\/index.php\/wp-json\/wp\/v2\/media\/5364"}],"wp:attachment":[{"href":"https:\/\/atrapapelos.shop\/index.php\/wp-json\/wp\/v2\/media?parent=5331"}],"wp:term":[{"taxonomy":"product_brand","embeddable":true,"href":"https:\/\/atrapapelos.shop\/index.php\/wp-json\/wp\/v2\/product_brand?post=5331"},{"taxonomy":"product_cat","embeddable":true,"href":"https:\/\/atrapapelos.shop\/index.php\/wp-json\/wp\/v2\/product_cat?post=5331"},{"taxonomy":"product_tag","embeddable":true,"href":"https:\/\/atrapapelos.shop\/index.php\/wp-json\/wp\/v2\/product_tag?post=5331"}],"curies":[{"name":"wp","href":"https:\/\/api.w.org\/{rel}","templated":true}]}}