{"id":1209,"date":"2019-09-06T13:16:30","date_gmt":"2019-09-06T13:16:30","guid":{"rendered":"https:\/\/aperitif.qodeinteractive.com\/?page_id=1209"},"modified":"2026-03-29T01:15:21","modified_gmt":"2026-03-29T01:15:21","slug":"contacto","status":"publish","type":"page","link":"https:\/\/atrapapelos.shop\/index.php\/contacto\/","title":{"rendered":"Contacto"},"content":{"rendered":"<section class=\"wpb-content-wrapper\"><p>[vc_row el_id=\u00bbharvest\u00bb el_class=\u00bbqodef-custom-row-harvest\u00bb][vc_column css=\u00bb.vc_custom_1569236298175{padding-top: 65px !important;padding-right: 5% !important;padding-bottom: 65px !important;padding-left: 5% !important;}\u00bb column_responsive_padding_1440=\u00bb95px 5% 65px\u00bb column_responsive_padding_1366=\u00bb95px 5% 65px\u00bb column_responsive_padding_680=\u00bb30px 10%\u00bb column_responsive_padding_768=\u00bb97px 5% 65px\u00bb column_responsive_padding_1024=\u00bb97px 5% 65px\u00bb column_responsive_padding_1280=\u00bb95px 5% 65px\u00bb][vc_row_inner content_text_alignment=\u00bbcenter\u00bb css=\u00bb.vc_custom_1774389709139{padding-bottom: 75px !important;background-image: url(https:\/\/aperitif.qodeinteractive.com\/wp-content\/uploads\/2019\/08\/H4-IMG-4.png?id=339) !important;background-position: center !important;background-repeat: no-repeat !important;background-size: contain !important;}\u00bb el_class=\u00bbour-store-background\u00bb][vc_column_inner width=\u00bb1\/5&#8243;][\/vc_column_inner][vc_column_inner width=\u00bb3\/5&#8243; css=\u00bb.vc_custom_1569331440941{padding-right: 5% !important;padding-left: 5% !important;}\u00bb column_responsive_padding_1440=\u00bb0 3% 0&#8243; column_responsive_padding_1366=\u00bb0 0 0 0&#8243; column_responsive_padding_1280=\u00bb0 0 0 0&#8243; column_responsive_padding_1024=\u00bb0 0 0 0&#8243; column_responsive_padding_768=\u00bb0 0 0 0&#8243; column_responsive_padding_680=\u00bb32px 5% 0&#8243;]<div class=\"qodef-shortcode qodef-m  qodef-section-title qodef-alignment--center \">\n\t\t<h2 class=\"qodef-m-title\" >\n\t\tD\u00f3nde estamos\t\t<\/h2>\n\t\t<p class=\"qodef-m-subtitle\" >Encu\u00e9ntranos en el coraz\u00f3n de La Rioja<\/p>\n\t<\/div>[vc_column_text]<\/p>\n<p style=\"text-align: center;\">VINUN AD AMICUS tiene su sede central e instalaciones en Ba\u00f1ares (La Rioja) C\/ La iglesia n\u00ba 13. La localidad pertenece a la Denominaci\u00f3n de Origen Calificada Rioja (DOca Rioja) y se encuentra enclavada en la subzona de Rioja Alta siendo su altitud de 595 metros sobre el nivel del mar. La poblaci\u00f3n est\u00e1 dedicada principalmente a la agricultura.<\/p>\n<p style=\"text-align: center;\">Ba\u00f1ares tiene una situaci\u00f3n estrat\u00e9gica dentro de la subzona vin\u00edcola de Rioja Alta. De Haro considerada la Capital del Rioja dista 14 Kil\u00f3metros , de N\u00e1jera 20 kil\u00f3metros y de Santo Domingo de la Calzada 5 kil\u00f3metros. Asimismo est\u00e1 muy bien situada respecto a ciudades de mayor poblaci\u00f3n tales como Logro\u00f1o (45 Kms.), Vitoria (55 Kms.) y Burgos (70 kms.).<\/p>\n<p>[\/vc_column_text][vc_empty_space height=\u00bb61px\u00bb]<a class=\"qodef-shortcode qodef-m  qodef-button qodef-layout--filled  qodef-html--link\" href=\"#\" target=\"_self\"  ><span class=\"qodef-m-text\">NUESTRAS INSTALACIONES<\/span><\/a>[\/vc_column_inner][vc_column_inner width=\u00bb1\/5&#8243;][\/vc_column_inner][\/vc_row_inner][\/vc_column][\/vc_row][vc_row gap=\u00bb30&#8243; row_content_width=\u00bbgrid\u00bb][vc_column offset=\u00bbvc_col-lg-6&#8243; css=\u00bb.vc_custom_1570451948659{margin-top: -12px !important;padding-top: 65px !important;padding-bottom: 125px !important;}\u00bb column_responsive_padding_680=\u00bb35px 4% 0px\u00bb column_responsive_padding_1440=\u00bb65px 0 95px\u00bb column_responsive_padding_1366=\u00bb65px 0 95px\u00bb column_responsive_padding_1280=\u00bb65px 0 95px\u00bb column_responsive_padding_1024=\u00bb65px 11% 15px 2%\u00bb column_responsive_padding_768=\u00bb65px 2% 15px\u00bb]<div class=\"qodef-shortcode qodef-m  qodef-section-title qodef-alignment--left \">\n\t\t<h3 class=\"qodef-m-title\" >\n\t\tFormulario de contacto\t\t<\/h3>\n\t\t<p class=\"qodef-m-subtitle\" >Vinun ad Amicus<\/p>\n\t\t<div class=\"qodef-m-text\" >Solicita informaci\u00f3n sobre nosotros y las posibilidades que te ofrecemos para vivir con los cinco sentidos los vi\u00f1edos y la cultura del vino en La Rioja.<\/div>\n<\/div>[vc_empty_space height=\u00bb15px\u00bb]<div class=\"qodef-icon-list-item qodef-icon--icon-pack\" >\n\t<p class=\"qodef-e-title\" >\n\t\t<a itemprop=\"url\" href=\"tel:+660052064\" target=\"_self\">\n\t\t\t\t<span class=\"qodef-e-title-inner\">\n\t\t\t\t<span class=\"qodef-shortcode qodef-m  qodef-icon-holder  qodef-layout--normal\"  style=\"color: #000000\">\t    <span class=\"qodef-icon-font-awesome fa fa-phone qodef-icon qodef-e\" style=\"\" ><\/span>    <\/span>\t\t\t\t<span class=\"qodef-e-title-text\">941 300 213 | 660 052 064<\/span>\n\t\t\t<\/span>\n\t\t\t<\/a>\n<\/p>\n<\/div>[vc_empty_space height=\u00bb9px\u00bb]<div class=\"qodef-icon-list-item qodef-icon--icon-pack\" >\n\t<p class=\"qodef-e-title\" >\n\t\t<a itemprop=\"url\" href=\"mailto:info@vinunadamicus.com\" target=\"_self\">\n\t\t\t\t<span class=\"qodef-e-title-inner\">\n\t\t\t\t<span class=\"qodef-shortcode qodef-m  qodef-icon-holder  qodef-layout--normal\"  style=\"color: #000000\">\t    <span class=\"qodef-icon-font-awesome fa fa-envelope qodef-icon qodef-e\" style=\"\" ><\/span>    <\/span>\t\t\t\t<span class=\"qodef-e-title-text\">info@vinunadamicus.com<\/span>\n\t\t\t<\/span>\n\t\t\t<\/a>\n<\/p>\n<\/div>\n<div class=\"wpcf7 no-js\" id=\"wpcf7-f6-o1\" lang=\"es-ES\" dir=\"ltr\" data-wpcf7-id=\"6\">\n<div class=\"screen-reader-response\"><p role=\"status\" aria-live=\"polite\" aria-atomic=\"true\"><\/p> <ul><\/ul><\/div>\n<form action=\"\/index.php\/wp-json\/wp\/v2\/pages\/1209#wpcf7-f6-o1\" method=\"post\" class=\"wpcf7-form init\" aria-label=\"Formulario de contacto\" novalidate=\"novalidate\" data-status=\"init\">\n<fieldset class=\"hidden-fields-container\"><input type=\"hidden\" name=\"_wpcf7\" value=\"6\" \/><input type=\"hidden\" name=\"_wpcf7_version\" value=\"6.1.5\" \/><input type=\"hidden\" name=\"_wpcf7_locale\" value=\"es_ES\" \/><input type=\"hidden\" name=\"_wpcf7_unit_tag\" value=\"wpcf7-f6-o1\" \/><input type=\"hidden\" name=\"_wpcf7_container_post\" value=\"0\" \/><input type=\"hidden\" name=\"_wpcf7_posted_data_hash\" value=\"\" \/>\n<\/fieldset>\n<p><label> Nombre<br \/>\n<span class=\"wpcf7-form-control-wrap\" data-name=\"your-name\"><input size=\"40\" maxlength=\"400\" class=\"wpcf7-form-control wpcf7-text wpcf7-validates-as-required\" autocomplete=\"nombre\" aria-required=\"true\" aria-invalid=\"false\" value=\"\" type=\"text\" name=\"your-name\" \/><\/span> <\/label>\n<\/p>\n<p><label> Email<br \/>\n<span class=\"wpcf7-form-control-wrap\" data-name=\"your-email\"><input size=\"40\" maxlength=\"400\" class=\"wpcf7-form-control wpcf7-email wpcf7-validates-as-required wpcf7-text wpcf7-validates-as-email\" autocomplete=\"email\" aria-required=\"true\" aria-invalid=\"false\" value=\"\" type=\"email\" name=\"your-email\" \/><\/span> <\/label>\n<\/p>\n<p><label> Asunto<br \/>\n<span class=\"wpcf7-form-control-wrap\" data-name=\"Asunto\"><input size=\"40\" maxlength=\"400\" class=\"wpcf7-form-control wpcf7-text wpcf7-validates-as-required\" aria-required=\"true\" aria-invalid=\"false\" value=\"\" type=\"text\" name=\"Asunto\" \/><\/span> <\/label>\n<\/p>\n<p><label> Mensaje (opcional)<br \/>\n<span class=\"wpcf7-form-control-wrap\" data-name=\"your-message\"><textarea cols=\"40\" rows=\"10\" maxlength=\"2000\" class=\"wpcf7-form-control wpcf7-textarea\" aria-invalid=\"false\" name=\"your-message\"><\/textarea><\/span> <\/label>\n<\/p>\n<p><button class=\"wpcf7-form-control wpcf7-submit qodef-button qodef-size--normal qodef-type--filled qodef-m\" type=\"submit\"><span class=\"qodef-m-text\">ENVIAR<\/span><\/button>\n<\/p><div class=\"wpcf7-response-output\" aria-hidden=\"true\"><\/div>\n<\/form>\n<\/div>\n[vc_empty_space][\/vc_column][vc_column offset=\u00bbvc_col-lg-6&#8243; css=\u00bb.vc_custom_1570451985904{padding-top: 65px !important;padding-bottom: 125px !important;}\u00bb column_responsive_padding_680=\u00bb40px 15px 125px\u00bb][vc_gmaps link=\u00bb#E-8_JTNDaWZyYW1lJTIwc3JjJTNEJTIyaHR0cHMlM0ElMkYlMkZ3d3cuZ29vZ2xlLmNvbSUyRm1hcHMlMkZlbWJlZCUzRnBiJTNEJTIxMW0xOCUyMTFtMTIlMjExbTMlMjExZDI5NDMuMTA0NzE1MTMwMzkzMyUyMTJkLTIuOTE0MDcwOTIzNTE3NDM4JTIxM2Q0Mi40NjgwNjE1MjgyNzA5MSUyMTJtMyUyMTFmMCUyMTJmMCUyMTNmMCUyMTNtMiUyMTFpMTAyNCUyMTJpNzY4JTIxNGYxMy4xJTIxM20zJTIxMW0yJTIxMXMweGQ0NTYyYTgzMjQzNzRhOSUyNTNBMHhiZGE1NDUxOWQ2YmJhZmI2JTIxMnNWSU5VTiUyNTIwQUQlMjUyMEFNSUNVUyUyNTIwMjAxMiUyNTJDJTI1MjBTLkwuVS4lMjE1ZTAlMjEzbTIlMjExc2VzLTQxOSUyMTJzZXMlMjE0djE3NzQzODY1ODQ2NTklMjE1bTIlMjExc2VzLTQxOSUyMTJzZXMlMjIlMjB3aWR0aCUzRCUyMjYwMCUyMiUyMGhlaWdodCUzRCUyMjg1MCUyMiUyMHN0eWxlJTNEJTIyYm9yZGVyJTNBMCUzQiUyMiUyMGFsbG93ZnVsbHNjcmVlbiUzRCUyMiUyMiUyMGxvYWRpbmclM0QlMjJsYXp5JTIyJTIwcmVmZXJyZXJwb2xpY3klM0QlMjJuby1yZWZlcnJlci13aGVuLWRvd25ncmFkZSUyMiUzRSUzQyUyRmlmcmFtZSUzRQ==\u00bb][\/vc_column][\/vc_row][vc_row][vc_column][vc_empty_space height=\u00bb74px\u00bb][\/vc_column][\/vc_row][vc_row css=\u00bb.vc_custom_1774348297519{background-color: #0a0a0a !important;background-position: center !important;background-repeat: no-repeat !important;background-size: contain !important;}\u00bb][vc_column css=\u00bb.vc_custom_1573056424705{padding-bottom: 165px !important;}\u00bb column_responsive_padding_680=\u00bb28px 5% 127px\u00bb column_responsive_padding_768=\u00bb0 0 127px\u00bb column_responsive_padding_1024=\u00bb0 0 127px\u00bb column_responsive_padding_1440=\u00bb0 0 120px 0&#8243;][vc_row_inner row_content_width=\u00bbgrid\u00bb css=\u00bb.vc_custom_1774348263406{background-color: #0a0a0a !important;}\u00bb][vc_column_inner css=\u00bb.vc_custom_1573126727850{padding-top: 122px !important;}\u00bb column_responsive_padding_680=\u00bb70px 12% 0&#8243; column_responsive_padding_768=\u00bb95px 0 0 0&#8243; column_responsive_padding_1024=\u00bb100px 0 0 0&#8243; column_responsive_padding_1440=\u00bb122px 0 0&#8243;]<div class=\"qodef-shortcode qodef-m  qodef-section-title qodef-alignment--center \">\n\t\t<h2 class=\"qodef-m-title\" style=\"color: #ffffff\">\n\t\tReserva tu experiencia\t\t<\/h2>\n\t\t<p class=\"qodef-m-subtitle\" style=\"color: #f9a170\">Degustaciones, vinos y producto local en un entorno \u00fanico...<\/p>\n\t<\/div>[\/vc_column_inner][\/vc_row_inner][vc_row_inner row_content_width=\u00bbgrid\u00bb css=\u00bb.vc_custom_1774348254429{background-color: #0a0a0a !important;}\u00bb][vc_column_inner column_responsive_padding_1440=\u00bb28px 0 0&#8243; column_responsive_padding_1024=\u00bb28px 0 0&#8243; column_responsive_padding_680=\u00bb28px 5% 0&#8243; css=\u00bb.vc_custom_1571064089462{padding-top: 35px !important;}\u00bb]<div class=\"qodef-shortcode qodef-m  qodef-reservation-form\">\n\t\t\t<form class=\"qodef-m-inner\" target=\"_blank\" action=\"https:\/\/www.opentable.com\/restaurant-search.aspx\"\n\t\t      name=\"qodef-m-inner\">\n\t\t\t\n\t\t\t<div class=\"qodef-e qodef-holder--field\">\n\t\t\t\t<span class=\"qodef-icon-linear-icons lnr-user lnr qodef-e-icon-user\" ><\/span>\t\t\t\t<select name=\"partySize\" class=\"qodef-e-people\">\n\t\t\t\t\t<option value=\"1\">1 Persona<\/option>\n\t\t\t\t\t<option value=\"2\">2 Personas<\/option>\n\t\t\t\t\t<option value=\"3\">3 Personas<\/option>\n\t\t\t\t\t<option value=\"4\">4 Personas<\/option>\n\t\t\t\t\t<option value=\"5\">5 Personas<\/option>\n\t\t\t\t\t<option value=\"6\">6 Personas <\/option>\n\t\t\t\t\t<option value=\"7\">7 Personas<\/option>\n\t\t\t\t\t<option value=\"8\">8 Personas <\/option>\n\t\t\t\t\t<option value=\"9\">9 Personas<\/option>\n\t\t\t\t\t<option value=\"10\">10 Personas<\/option>\n\t\t\t\t<\/select>\n\t\t\t<\/div>\n\t\t\t\n\t\t\t<div class=\"qodef-e qodef-holder--label\">\n\t\t\t\t<span class=\"qodef-e-label\">for<\/span>\n\t\t\t<\/div>\n\t\t\t\n\t\t\t<div class=\"qodef-e qodef-holder--field\">\n\t\t\t\t<span class=\"qodef-icon-linea-icons icon-basic-calendar qodef-e-icon-date\" ><\/span>\t\t\t\t<input type=\"text\" value=\"April 10, 2026\" class=\"qodef-e-date\" name=\"startDate\">\n\t\t\t\t<span class=\"qodef-icon-linea-icons icon-arrows-down qodef-e-icon-arrow\" ><\/span>\t\t\t<\/div>\n\t\t\t\n\t\t\t<div class=\"qodef-e qodef-holder--label\">\n\t\t\t\t<span class=\"qodef-e-label\">at<\/span>\n\t\t\t<\/div>\n\t\t\t\n\t\t\t<div class=\"qodef-e qodef-holder--field\">\n\t\t\t\t<span class=\"qodef-icon-linea-icons icon-basic-clessidre qodef-e-icon-time\" ><\/span>\t\t\t\t<select name=\"ResTime\" class=\"qodef-e-time\">\n\t\t\t\t\t<option value=\"5:30pm\">6:30 am<\/option>\n\t\t\t\t\t<option value=\"5:30pm\">7:00 am<\/option>\n\t\t\t\t\t<option value=\"5:30pm\">7:30 am<\/option>\n\t\t\t\t\t<option value=\"5:30pm\">8:00 am<\/option>\n\t\t\t\t\t<option value=\"5:30pm\">8:30 am<\/option>\n\t\t\t\t\t<option value=\"5:30pm\">9:00 am<\/option>\n\t\t\t\t\t<option value=\"5:30pm\">9:30 am<\/option>\n\t\t\t\t\t<option value=\"5:30pm\">10:00 am<\/option>\n\t\t\t\t\t<option value=\"5:30pm\">10:30 am<\/option>\n\t\t\t\t\t<option value=\"5:30pm\">11:00 am<\/option>\n\t\t\t\t\t<option value=\"5:30pm\">11:30 am<\/option>\n\t\t\t\t\t<option value=\"5:30pm\">12:00 pm<\/option>\n\t\t\t\t\t<option value=\"5:30pm\">12:30 pm<\/option>\n\t\t\t\t\t<option value=\"5:30pm\">1:00 pm<\/option>\n\t\t\t\t\t<option value=\"5:30pm\">1:30 pm<\/option>\n\t\t\t\t\t<option value=\"5:30pm\">2:00 pm<\/option>\n\t\t\t\t\t<option value=\"5:30pm\">2:30 pm<\/option>\n\t\t\t\t\t<option value=\"5:30pm\">3:00 pm<\/option>\n\t\t\t\t\t<option value=\"5:30pm\">3:30 pm<\/option>\n\t\t\t\t\t<option value=\"5:30pm\">4:00 pm<\/option>\n\t\t\t\t\t<option value=\"5:30pm\">4:30 pm<\/option>\n\t\t\t\t\t<option value=\"5:30pm\">5:00 pm<\/option>\n\t\t\t\t\t<option value=\"5:30pm\">5:30 pm<\/option>\n\t\t\t\t\t<option value=\"6:00pm\">6:00 pm<\/option>\n\t\t\t\t\t<option value=\"6:30pm\">6:30 pm<\/option>\n\t\t\t\t\t<option value=\"7:00pm\" selected=\"selected\">7:00 pm<\/option>\n\t\t\t\t\t<option value=\"7:30pm\">7:30 pm<\/option>\n\t\t\t\t\t<option value=\"8:00pm\">8:00 pm<\/option>\n\t\t\t\t\t<option value=\"8:30pm\">8:30 pm<\/option>\n\t\t\t\t\t<option value=\"9:00pm\">9:00 pm<\/option>\n\t\t\t\t\t<option value=\"9:30pm\">9:30 pm<\/option>\n\t\t\t\t\t<option value=\"10:00pm\">10:00 pm<\/option>\n\t\t\t\t\t<option value=\"10:30pm\">10:30 pm<\/option>\n\t\t\t\t\t<option value=\"11:00pm\">11:00 pm<\/option>\n\t\t\t\t\t<option value=\"11:30pm\">11:30 pm<\/option>\n\t\t\t\t<\/select>\n\t\t\t<\/div>\n\t\t\t\n\t\t\t<div class=\"qodef-e qodef-holder--label\">\n\t\t\t\t<span class=\"qodef-e-label\">go!<\/span>\n\t\t\t<\/div>\n\t\t\t\n\t\t\t<div class=\"qodef-e qodef-holder--field\">\n\t\t\t\t<button type=\"submit\" class=\"qodef-shortcode qodef-m  qodef-button qodef-layout--filled  \"  ><span class=\"qodef-btn-text\">Hacer Reserva<\/span><\/button>\t\t\t<\/div>\n\t\t\t\n\t\t\t<input type=\"hidden\" name=\"RestaurantID\" class=\"RestaurantID\"\n\t\t\t       value=\"161697\">\n\t\t\t<input type=\"hidden\" name=\"rid\" class=\"rid\" value=\"161697\">\n\t\t\t<input type=\"hidden\" name=\"GeoID\" class=\"GeoID\" value=\"15\">\n\t\t\t<input type=\"hidden\" name=\"txtDateFormat\" class=\"txtDateFormat\" value=\"MM\/dd\/yyyy\">\n\t\t\t<input type=\"hidden\" name=\"RestaurantReferralID\" class=\"RestaurantReferralID\"\n\t\t\t       value=\"161697\">\n\t\t\n\t\t<\/form>\n\t\t<p class=\"qodef-m-copyright\">Powered by OpenTable<\/p>\n\t<\/div>[\/vc_column_inner][\/vc_row_inner][\/vc_column][\/vc_row][vc_row][vc_column][vc_column_text]<\/p>\n<p>&nbsp;<\/p>\n<p>[\/vc_column_text][\/vc_column][\/vc_row]<\/p>\n<\/section>","protected":false},"excerpt":{"rendered":"<p>[vc_row el_id=\u00bbharvest\u00bb el_class=\u00bbqodef-custom-row-harvest\u00bb][vc_column css=\u00bb.vc_custom_1569236298175{padding-top: 65px !important;padding-right: 5% !important;padding-bottom: 65px !important;padding-left: 5% !important;}\u00bb column_responsive_padding_1440=\u00bb95px 5% 65px\u00bb column_responsive_padding_1366=\u00bb95px 5% 65px\u00bb column_responsive_padding_680=\u00bb30px 10%\u00bb column_responsive_padding_768=\u00bb97px 5% 65px\u00bb column_responsive_padding_1024=\u00bb97px 5% 65px\u00bb column_responsive_padding_1280=\u00bb95px 5% 65px\u00bb][vc_row_inner content_text_alignment=\u00bbcenter\u00bb [&hellip;]<\/p>\n","protected":false},"author":1,"featured_media":0,"parent":0,"menu_order":0,"comment_status":"closed","ping_status":"closed","template":"page-full-width.php","meta":{"footnotes":""},"class_list":["post-1209","page","type-page","status-publish","hentry"],"_links":{"self":[{"href":"https:\/\/atrapapelos.shop\/index.php\/wp-json\/wp\/v2\/pages\/1209","targetHints":{"allow":["GET"]}}],"collection":[{"href":"https:\/\/atrapapelos.shop\/index.php\/wp-json\/wp\/v2\/pages"}],"about":[{"href":"https:\/\/atrapapelos.shop\/index.php\/wp-json\/wp\/v2\/types\/page"}],"author":[{"embeddable":true,"href":"https:\/\/atrapapelos.shop\/index.php\/wp-json\/wp\/v2\/users\/1"}],"replies":[{"embeddable":true,"href":"https:\/\/atrapapelos.shop\/index.php\/wp-json\/wp\/v2\/comments?post=1209"}],"version-history":[{"count":29,"href":"https:\/\/atrapapelos.shop\/index.php\/wp-json\/wp\/v2\/pages\/1209\/revisions"}],"predecessor-version":[{"id":5249,"href":"https:\/\/atrapapelos.shop\/index.php\/wp-json\/wp\/v2\/pages\/1209\/revisions\/5249"}],"wp:attachment":[{"href":"https:\/\/atrapapelos.shop\/index.php\/wp-json\/wp\/v2\/media?parent=1209"}],"curies":[{"name":"wp","href":"https:\/\/api.w.org\/{rel}","templated":true}]}}